{"id":1276,"date":"2022-04-22T16:25:06","date_gmt":"2022-04-22T16:25:06","guid":{"rendered":"https:\/\/rodoquick.com.br\/links-uteis\/"},"modified":"2022-04-26T16:28:38","modified_gmt":"2022-04-26T16:28:38","slug":"useful-links","status":"publish","type":"page","link":"https:\/\/rodoquick.com.br\/en\/useful-links\/","title":{"rendered":"Useful links"},"content":{"rendered":"<p>[et_pb_section fb_built=&#8221;1&#8243; _builder_version=&#8221;4.17.1&#8243; _module_preset=&#8221;default&#8221; custom_padding=&#8221;0px||0px||true|false&#8221; global_colors_info=&#8221;{}&#8221;][et_pb_row _builder_version=&#8221;4.17.1&#8243; _module_preset=&#8221;default&#8221; width=&#8221;100%&#8221; max_width=&#8221;1920px&#8221; custom_padding=&#8221;0px||0px||true|false&#8221; global_colors_info=&#8221;{}&#8221;][et_pb_column type=&#8221;4_4&#8243; _builder_version=&#8221;4.17.1&#8243; _module_preset=&#8221;default&#8221; global_colors_info=&#8221;{}&#8221;][et_pb_image src=&#8221;https:\/\/rodoquick.com.br\/wp-content\/uploads\/2022\/04\/topo_empresa.jpg&#8221; title_text=&#8221;topo_empresa&#8221; _builder_version=&#8221;4.17.1&#8243; _module_preset=&#8221;default&#8221; global_colors_info=&#8221;{}&#8221;][\/et_pb_image][\/et_pb_column][\/et_pb_row][\/et_pb_section][et_pb_section fb_built=&#8221;1&#8243; custom_padding_last_edited=&#8221;on|phone&#8221; module_class=&#8221;content-text&#8221; _builder_version=&#8221;4.17.1&#8243; _module_preset=&#8221;default&#8221; background_color=&#8221;#FFFFFF&#8221; width=&#8221;100%&#8221; max_width=&#8221;1200px&#8221; custom_margin=&#8221;36px|auto|54px|auto|false|true&#8221; custom_padding=&#8221;40px|64px|40px|64px|true|true&#8221; custom_padding_tablet=&#8221;40px|64px|40px|64px|true|true&#8221; custom_padding_phone=&#8221;0px|24px|0px|24px|true|true&#8221; border_width_all=&#8221;1px&#8221; border_color_all=&#8221;#ebebeb&#8221; global_colors_info=&#8221;{}&#8221;][et_pb_row _builder_version=&#8221;4.17.1&#8243; _module_preset=&#8221;default&#8221; background_enable_color=&#8221;off&#8221; width=&#8221;100%&#8221; custom_padding=&#8221;||0px||false|false&#8221; global_colors_info=&#8221;{}&#8221;][et_pb_column type=&#8221;4_4&#8243; _builder_version=&#8221;4.17.1&#8243; _module_preset=&#8221;default&#8221; global_colors_info=&#8221;{}&#8221;][et_pb_text admin_label=&#8221;T\u00edtulo&#8221; _builder_version=&#8221;4.17.1&#8243; _module_preset=&#8221;default&#8221; custom_margin=&#8221;||12px||false|false&#8221; hover_enabled=&#8221;0&#8243; global_colors_info=&#8221;{}&#8221; sticky_enabled=&#8221;0&#8243;]<\/p>\n<h1><strong>USEFUL LINKS<\/strong><\/h1>\n<p>[\/et_pb_text][\/et_pb_column][\/et_pb_row][et_pb_row column_structure=&#8221;1_2,1_2&#8243; _builder_version=&#8221;4.17.1&#8243; _module_preset=&#8221;default&#8221; background_enable_color=&#8221;off&#8221; width=&#8221;100%&#8221; custom_padding=&#8221;||||false|false&#8221; global_colors_info=&#8221;{}&#8221;][et_pb_column type=&#8221;1_2&#8243; _builder_version=&#8221;4.17.1&#8243; _module_preset=&#8221;default&#8221; global_colors_info=&#8221;{}&#8221;][et_pb_text _builder_version=&#8221;4.17.1&#8243; _module_preset=&#8221;default&#8221; header_2_font_size=&#8221;22px&#8221; global_colors_info=&#8221;{}&#8221;]<\/p>\n<p><a href=\"http:\/\/www.antt.gov.br\/\" target=\"_blank\" rel=\"noreferrer noopener\">ANTT \u2013 Ag\u00eancia Nacional de Transportes Terrestres<\/a><br \/><a href=\"http:\/\/www.denatran.gov.br\/contran.htm\" target=\"_blank\" rel=\"noreferrer noopener\">CONTRAN \u2013 Conselho Nacional de Tr\u00e2nsito<\/a><br \/><a href=\"http:\/\/www.receita.fazenda.gov.br\/\" target=\"_blank\" rel=\"noreferrer noopener\">Receita Federal<\/a> <a href=\"http:\/\/www.portodesantos.com.br\/\" target=\"_blank\" rel=\"noreferrer noopener\">Porto de Santos<\/a><br \/><a href=\"http:\/\/www.portodesantos.com.br\/\" target=\"_blank\" rel=\"noreferrer noopener\">CODESP \u2013 Companhia Docas do Estado de S\u00e3o Paulo<\/a><br \/><a href=\"http:\/\/www.guiamaritimo.com.br\/\" target=\"_blank\" rel=\"noreferrer noopener\">Guia Mar\u00edtimo<\/a><br \/><a href=\"http:\/\/www.folha.uol.com.br\/\" target=\"_blank\" rel=\"noreferrer noopener\">Folha de S\u00e3o Paulo<\/a><br \/><a href=\"http:\/\/www.valor.com.br\/\" target=\"_blank\" rel=\"noreferrer noopener\">Valor Economico <\/a><a href=\"https:\/\/www.hapag-lloyd.com\/content\/dam\/website\/downloads\/press_and_media\/publications\/15211_Container_Specification_engl_Gesamt_web.pdf\" target=\"_blank\" rel=\"noreferrer noopener\">Medidas\/Dimensoes de Containers<\/a><br \/><a href=\"http:\/\/blogdocaminhoneiro.com\/\" target=\"_blank\" rel=\"noreferrer noopener\">Blog do Caminhoneiro<\/a><br \/><a href=\"http:\/\/www.pastre.com.br\/pastrinho\/\" target=\"_blank\" rel=\"noreferrer noopener\">Blog Passarinho<\/a><br \/><a href=\"http:\/\/mundodospesados.blogspot.com.br\/\" target=\"_blank\" rel=\"noreferrer noopener\">Mundo dos Pesados<\/a><br \/><a href=\"http:\/\/caminhaoantigobrasil.com.br\/\" target=\"_blank\" rel=\"noreferrer noopener\">Caminh\u00e3o Antigo Brasil<\/a><br \/><a href=\"https:\/\/transportadorabravo.com.br\/\" target=\"_blank\" rel=\"noreferrer noopener\">Transportadora Bravo em Santos<\/a><br \/><a href=\"http:\/\/blog.cargobr.com\/\" target=\"_blank\" rel=\"noreferrer noopener\">CARGOBR<\/a><br \/><a href=\"https:\/\/activecorp.com.br\/\" target=\"_blank\" rel=\"noreferrer noopener\">Active Corp \u2013 Sistemas para gest\u00e3o de transportes<\/a><\/p>\n<p>[\/et_pb_text][\/et_pb_column][et_pb_column type=&#8221;1_2&#8243; _builder_version=&#8221;4.17.1&#8243; _module_preset=&#8221;default&#8221; global_colors_info=&#8221;{}&#8221;][et_pb_image src=&#8221;https:\/\/rodoquick.com.br\/wp-content\/uploads\/2022\/04\/Caminhao-21.jpg&#8221; title_text=&#8221;Caminhao-21&#8243; _builder_version=&#8221;4.17.1&#8243; _module_preset=&#8221;default&#8221; global_colors_info=&#8221;{}&#8221;][\/et_pb_image][\/et_pb_column][\/et_pb_row][\/et_pb_section]<\/p>\n","protected":false},"excerpt":{"rendered":"<p>USEFUL LINKSANTT \u2013 Ag\u00eancia Nacional de Transportes TerrestresCONTRAN \u2013 Conselho Nacional de Tr\u00e2nsitoReceita Federal Porto de SantosCODESP \u2013 Companhia Docas do Estado de S\u00e3o PauloGuia Mar\u00edtimoFolha de S\u00e3o PauloValor Economico Medidas\/Dimensoes de ContainersBlog do CaminhoneiroBlog PassarinhoMundo dos PesadosCaminh\u00e3o Antigo BrasilTransportadora Bravo em SantosCARGOBRActive Corp \u2013 Sistemas para gest\u00e3o de transportes<\/p>\n","protected":false},"author":3,"featured_media":1080,"parent":0,"menu_order":0,"comment_status":"closed","ping_status":"closed","template":"","meta":{"_et_pb_use_builder":"on","_et_pb_old_content":"","_et_gb_content_width":"","footnotes":""},"class_list":["post-1276","page","type-page","status-publish","has-post-thumbnail","hentry"],"yoast_head":"<!-- This site is optimized with the Yoast SEO plugin v25.0 - https:\/\/yoast.com\/wordpress\/plugins\/seo\/ -->\n<title>Transportadora em Santos - Rodoquick Transportes - Useful links<\/title>\n<meta name=\"description\" content=\"Links para sites de autoridades portu\u00e1rias e governamentais, blogs, empresas e portais de not\u00edcias relacionados a economia e transporte rodovi\u00e1rio de cargas\" \/>\n<meta name=\"robots\" content=\"index, follow, max-snippet:-1, max-image-preview:large, max-video-preview:-1\" \/>\n<link rel=\"canonical\" href=\"https:\/\/rodoquick.com.br\/en\/useful-links\/\" \/>\n<meta property=\"og:locale\" content=\"en_US\" \/>\n<meta property=\"og:type\" content=\"article\" \/>\n<meta property=\"og:title\" content=\"Transportadora em Santos - Rodoquick Transportes - Useful links\" \/>\n<meta property=\"og:description\" content=\"Links para sites de autoridades portu\u00e1rias e governamentais, blogs, empresas e portais de not\u00edcias relacionados a economia e transporte rodovi\u00e1rio de cargas\" \/>\n<meta property=\"og:url\" content=\"https:\/\/rodoquick.com.br\/en\/useful-links\/\" \/>\n<meta property=\"og:site_name\" content=\"Transportadora em Santos - Rodoquick Transportes\" \/>\n<meta property=\"article:modified_time\" content=\"2022-04-26T16:28:38+00:00\" \/>\n<meta property=\"og:image\" content=\"https:\/\/rodoquick.com.br\/wp-content\/uploads\/2022\/04\/topo_empresa.jpg\" \/>\n\t<meta property=\"og:image:width\" content=\"1920\" \/>\n\t<meta property=\"og:image:height\" content=\"300\" \/>\n\t<meta property=\"og:image:type\" content=\"image\/jpeg\" \/>\n<meta name=\"twitter:card\" content=\"summary_large_image\" \/>\n<meta name=\"twitter:label1\" content=\"Est. reading time\" \/>\n\t<meta name=\"twitter:data1\" content=\"2 minutes\" \/>\n<script type=\"application\/ld+json\" class=\"yoast-schema-graph\">{\"@context\":\"https:\/\/schema.org\",\"@graph\":[{\"@type\":\"WebPage\",\"@id\":\"https:\/\/rodoquick.com.br\/en\/useful-links\/\",\"url\":\"https:\/\/rodoquick.com.br\/en\/useful-links\/\",\"name\":\"Transportadora em Santos - Rodoquick Transportes - Useful links\",\"isPartOf\":{\"@id\":\"https:\/\/rodoquick.com.br\/en\/#website\"},\"primaryImageOfPage\":{\"@id\":\"https:\/\/rodoquick.com.br\/en\/useful-links\/#primaryimage\"},\"image\":{\"@id\":\"https:\/\/rodoquick.com.br\/en\/useful-links\/#primaryimage\"},\"thumbnailUrl\":\"https:\/\/rodoquick.com.br\/wp-content\/uploads\/2022\/04\/topo_empresa.jpg\",\"datePublished\":\"2022-04-22T16:25:06+00:00\",\"dateModified\":\"2022-04-26T16:28:38+00:00\",\"description\":\"Links para sites de autoridades portu\u00e1rias e governamentais, blogs, empresas e portais de not\u00edcias relacionados a economia e transporte rodovi\u00e1rio de cargas\",\"breadcrumb\":{\"@id\":\"https:\/\/rodoquick.com.br\/en\/useful-links\/#breadcrumb\"},\"inLanguage\":\"en-US\",\"potentialAction\":[{\"@type\":\"ReadAction\",\"target\":[\"https:\/\/rodoquick.com.br\/en\/useful-links\/\"]}]},{\"@type\":\"ImageObject\",\"inLanguage\":\"en-US\",\"@id\":\"https:\/\/rodoquick.com.br\/en\/useful-links\/#primaryimage\",\"url\":\"https:\/\/rodoquick.com.br\/wp-content\/uploads\/2022\/04\/topo_empresa.jpg\",\"contentUrl\":\"https:\/\/rodoquick.com.br\/wp-content\/uploads\/2022\/04\/topo_empresa.jpg\",\"width\":1920,\"height\":300,\"caption\":\"Transportadora em Santos \u2013 A Rodoquick\"},{\"@type\":\"BreadcrumbList\",\"@id\":\"https:\/\/rodoquick.com.br\/en\/useful-links\/#breadcrumb\",\"itemListElement\":[{\"@type\":\"ListItem\",\"position\":1,\"name\":\"In\u00edcio\",\"item\":\"https:\/\/rodoquick.com.br\/en\/\"},{\"@type\":\"ListItem\",\"position\":2,\"name\":\"Useful links\"}]},{\"@type\":\"WebSite\",\"@id\":\"https:\/\/rodoquick.com.br\/en\/#website\",\"url\":\"https:\/\/rodoquick.com.br\/en\/\",\"name\":\"Transportadora em Santos - Rodoquick Transportes\",\"description\":\"Transportadora de Santos, que realiza o transporte de containers entre os portos de Santos, Itaja\u00ed, Navegantes, Paranagu\u00e1 e Itapo\u00e1 e as plantas de importadores e exportadores\",\"potentialAction\":[{\"@type\":\"SearchAction\",\"target\":{\"@type\":\"EntryPoint\",\"urlTemplate\":\"https:\/\/rodoquick.com.br\/en\/?s={search_term_string}\"},\"query-input\":{\"@type\":\"PropertyValueSpecification\",\"valueRequired\":true,\"valueName\":\"search_term_string\"}}],\"inLanguage\":\"en-US\"}]}<\/script>\n<!-- \/ Yoast SEO plugin. -->","yoast_head_json":{"title":"Transportadora em Santos - Rodoquick Transportes - Useful links","description":"Links para sites de autoridades portu\u00e1rias e governamentais, blogs, empresas e portais de not\u00edcias relacionados a economia e transporte rodovi\u00e1rio de cargas","robots":{"index":"index","follow":"follow","max-snippet":"max-snippet:-1","max-image-preview":"max-image-preview:large","max-video-preview":"max-video-preview:-1"},"canonical":"https:\/\/rodoquick.com.br\/en\/useful-links\/","og_locale":"en_US","og_type":"article","og_title":"Transportadora em Santos - Rodoquick Transportes - Useful links","og_description":"Links para sites de autoridades portu\u00e1rias e governamentais, blogs, empresas e portais de not\u00edcias relacionados a economia e transporte rodovi\u00e1rio de cargas","og_url":"https:\/\/rodoquick.com.br\/en\/useful-links\/","og_site_name":"Transportadora em Santos - Rodoquick Transportes","article_modified_time":"2022-04-26T16:28:38+00:00","og_image":[{"width":1920,"height":300,"url":"https:\/\/rodoquick.com.br\/wp-content\/uploads\/2022\/04\/topo_empresa.jpg","type":"image\/jpeg"}],"twitter_card":"summary_large_image","twitter_misc":{"Est. reading time":"2 minutes"},"schema":{"@context":"https:\/\/schema.org","@graph":[{"@type":"WebPage","@id":"https:\/\/rodoquick.com.br\/en\/useful-links\/","url":"https:\/\/rodoquick.com.br\/en\/useful-links\/","name":"Transportadora em Santos - Rodoquick Transportes - Useful links","isPartOf":{"@id":"https:\/\/rodoquick.com.br\/en\/#website"},"primaryImageOfPage":{"@id":"https:\/\/rodoquick.com.br\/en\/useful-links\/#primaryimage"},"image":{"@id":"https:\/\/rodoquick.com.br\/en\/useful-links\/#primaryimage"},"thumbnailUrl":"https:\/\/rodoquick.com.br\/wp-content\/uploads\/2022\/04\/topo_empresa.jpg","datePublished":"2022-04-22T16:25:06+00:00","dateModified":"2022-04-26T16:28:38+00:00","description":"Links para sites de autoridades portu\u00e1rias e governamentais, blogs, empresas e portais de not\u00edcias relacionados a economia e transporte rodovi\u00e1rio de cargas","breadcrumb":{"@id":"https:\/\/rodoquick.com.br\/en\/useful-links\/#breadcrumb"},"inLanguage":"en-US","potentialAction":[{"@type":"ReadAction","target":["https:\/\/rodoquick.com.br\/en\/useful-links\/"]}]},{"@type":"ImageObject","inLanguage":"en-US","@id":"https:\/\/rodoquick.com.br\/en\/useful-links\/#primaryimage","url":"https:\/\/rodoquick.com.br\/wp-content\/uploads\/2022\/04\/topo_empresa.jpg","contentUrl":"https:\/\/rodoquick.com.br\/wp-content\/uploads\/2022\/04\/topo_empresa.jpg","width":1920,"height":300,"caption":"Transportadora em Santos \u2013 A Rodoquick"},{"@type":"BreadcrumbList","@id":"https:\/\/rodoquick.com.br\/en\/useful-links\/#breadcrumb","itemListElement":[{"@type":"ListItem","position":1,"name":"In\u00edcio","item":"https:\/\/rodoquick.com.br\/en\/"},{"@type":"ListItem","position":2,"name":"Useful links"}]},{"@type":"WebSite","@id":"https:\/\/rodoquick.com.br\/en\/#website","url":"https:\/\/rodoquick.com.br\/en\/","name":"Transportadora em Santos - Rodoquick Transportes","description":"Transportadora de Santos, que realiza o transporte de containers entre os portos de Santos, Itaja\u00ed, Navegantes, Paranagu\u00e1 e Itapo\u00e1 e as plantas de importadores e exportadores","potentialAction":[{"@type":"SearchAction","target":{"@type":"EntryPoint","urlTemplate":"https:\/\/rodoquick.com.br\/en\/?s={search_term_string}"},"query-input":{"@type":"PropertyValueSpecification","valueRequired":true,"valueName":"search_term_string"}}],"inLanguage":"en-US"}]}},"_links":{"self":[{"href":"https:\/\/rodoquick.com.br\/en\/wp-json\/wp\/v2\/pages\/1276","targetHints":{"allow":["GET"]}}],"collection":[{"href":"https:\/\/rodoquick.com.br\/en\/wp-json\/wp\/v2\/pages"}],"about":[{"href":"https:\/\/rodoquick.com.br\/en\/wp-json\/wp\/v2\/types\/page"}],"author":[{"embeddable":true,"href":"https:\/\/rodoquick.com.br\/en\/wp-json\/wp\/v2\/users\/3"}],"replies":[{"embeddable":true,"href":"https:\/\/rodoquick.com.br\/en\/wp-json\/wp\/v2\/comments?post=1276"}],"version-history":[{"count":4,"href":"https:\/\/rodoquick.com.br\/en\/wp-json\/wp\/v2\/pages\/1276\/revisions"}],"predecessor-version":[{"id":1281,"href":"https:\/\/rodoquick.com.br\/en\/wp-json\/wp\/v2\/pages\/1276\/revisions\/1281"}],"wp:featuredmedia":[{"embeddable":true,"href":"https:\/\/rodoquick.com.br\/en\/wp-json\/wp\/v2\/media\/1080"}],"wp:attachment":[{"href":"https:\/\/rodoquick.com.br\/en\/wp-json\/wp\/v2\/media?parent=1276"}],"curies":[{"name":"wp","href":"https:\/\/api.w.org\/{rel}","templated":true}]}}