{"id":1175,"date":"2022-04-20T16:35:32","date_gmt":"2022-04-20T16:35:32","guid":{"rendered":"https:\/\/rodoquick.com.br\/principais-clientes\/"},"modified":"2022-04-26T18:47:52","modified_gmt":"2022-04-26T18:47:52","slug":"customers","status":"publish","type":"page","link":"https:\/\/rodoquick.com.br\/en\/customers\/","title":{"rendered":"Main Customers"},"content":{"rendered":"<p>[et_pb_section fb_built=&#8221;1&#8243; _builder_version=&#8221;4.17.1&#8243; _module_preset=&#8221;default&#8221; custom_padding=&#8221;0px||0px||true|false&#8221; global_colors_info=&#8221;{}&#8221;][et_pb_row _builder_version=&#8221;4.17.1&#8243; _module_preset=&#8221;default&#8221; width=&#8221;100%&#8221; max_width=&#8221;1920px&#8221; custom_padding=&#8221;0px||0px||true|false&#8221; global_colors_info=&#8221;{}&#8221;][et_pb_column type=&#8221;4_4&#8243; _builder_version=&#8221;4.17.1&#8243; _module_preset=&#8221;default&#8221; global_colors_info=&#8221;{}&#8221;][et_pb_image src=&#8221;https:\/\/rodoquick.com.br\/wp-content\/uploads\/2022\/04\/topo_empresa.jpg&#8221; title_text=&#8221;topo_empresa&#8221; _builder_version=&#8221;4.17.1&#8243; _module_preset=&#8221;default&#8221; global_colors_info=&#8221;{}&#8221;][\/et_pb_image][\/et_pb_column][\/et_pb_row][\/et_pb_section][et_pb_section fb_built=&#8221;1&#8243; custom_padding_last_edited=&#8221;on|phone&#8221; module_class=&#8221;content-text&#8221; _builder_version=&#8221;4.17.1&#8243; _module_preset=&#8221;default&#8221; background_color=&#8221;#FFFFFF&#8221; width=&#8221;100%&#8221; max_width=&#8221;1200px&#8221; custom_margin=&#8221;36px|auto|54px|auto|false|true&#8221; custom_padding=&#8221;40px|64px|40px|64px|true|true&#8221; custom_padding_tablet=&#8221;40px|64px|40px|64px|true|true&#8221; custom_padding_phone=&#8221;0px|24px|0px|24px|true|true&#8221; border_width_all=&#8221;1px&#8221; border_color_all=&#8221;#ebebeb&#8221; global_colors_info=&#8221;{}&#8221;][et_pb_row _builder_version=&#8221;4.17.1&#8243; _module_preset=&#8221;default&#8221; background_enable_color=&#8221;off&#8221; width=&#8221;100%&#8221; custom_padding=&#8221;||||false|false&#8221; global_colors_info=&#8221;{}&#8221;][et_pb_column type=&#8221;4_4&#8243; _builder_version=&#8221;4.17.1&#8243; _module_preset=&#8221;default&#8221; global_colors_info=&#8221;{}&#8221;][et_pb_text admin_label=&#8221;T\u00edtulo&#8221; _builder_version=&#8221;4.17.1&#8243; _module_preset=&#8221;default&#8221; custom_margin=&#8221;||12px||false|false&#8221; global_colors_info=&#8221;{}&#8221;]<\/p>\n<h1><strong>MAIN CUSTOMERS<\/strong><\/h1>\n<p>[\/et_pb_text][et_pb_gallery gallery_ids=&#8221;1090,1096,1082,1088,1094,1086,1093,1095,1087,1084,1083,1092,1091&#8243; posts_number=&#8221;99999&#8243; show_title_and_caption=&#8221;off&#8221; show_pagination=&#8221;off&#8221; zoom_icon_color=&#8221;RGBA(255,255,255,0)&#8221; hover_overlay_color=&#8221;RGBA(255,255,255,0)&#8221; module_class=&#8221;disable-lightbox&#8221; _builder_version=&#8221;4.17.1&#8243; _module_preset=&#8221;default&#8221; global_colors_info=&#8221;{}&#8221;][\/et_pb_gallery][\/et_pb_column][\/et_pb_row][\/et_pb_section]<\/p>\n","protected":false},"excerpt":{"rendered":"<p>MAIN CUSTOMERS<\/p>\n","protected":false},"author":3,"featured_media":1080,"parent":0,"menu_order":0,"comment_status":"closed","ping_status":"closed","template":"","meta":{"_et_pb_use_builder":"on","_et_pb_old_content":"","_et_gb_content_width":"","footnotes":""},"class_list":["post-1175","page","type-page","status-publish","has-post-thumbnail","hentry"],"yoast_head":"<!-- This site is optimized with the Yoast SEO plugin v25.0 - https:\/\/yoast.com\/wordpress\/plugins\/seo\/ -->\n<title>Main Customers - Transportadora em Santos - Rodoquick Transportes<\/title>\n<meta name=\"robots\" content=\"index, follow, max-snippet:-1, max-image-preview:large, max-video-preview:-1\" \/>\n<link rel=\"canonical\" href=\"https:\/\/rodoquick.com.br\/en\/customers\/\" \/>\n<meta property=\"og:locale\" content=\"en_US\" \/>\n<meta property=\"og:type\" content=\"article\" \/>\n<meta property=\"og:title\" content=\"Main Customers - Transportadora em Santos - Rodoquick Transportes\" \/>\n<meta property=\"og:description\" content=\"MAIN CUSTOMERS\" \/>\n<meta property=\"og:url\" content=\"https:\/\/rodoquick.com.br\/en\/customers\/\" \/>\n<meta property=\"og:site_name\" content=\"Transportadora em Santos - Rodoquick Transportes\" \/>\n<meta property=\"article:modified_time\" content=\"2022-04-26T18:47:52+00:00\" \/>\n<meta property=\"og:image\" content=\"https:\/\/rodoquick.com.br\/wp-content\/uploads\/2022\/04\/topo_empresa.jpg\" \/>\n\t<meta property=\"og:image:width\" content=\"1920\" \/>\n\t<meta property=\"og:image:height\" content=\"300\" \/>\n\t<meta property=\"og:image:type\" content=\"image\/jpeg\" \/>\n<meta name=\"twitter:card\" content=\"summary_large_image\" \/>\n<meta name=\"twitter:label1\" content=\"Est. reading time\" \/>\n\t<meta name=\"twitter:data1\" content=\"1 minute\" \/>\n<script type=\"application\/ld+json\" class=\"yoast-schema-graph\">{\"@context\":\"https:\/\/schema.org\",\"@graph\":[{\"@type\":\"WebPage\",\"@id\":\"https:\/\/rodoquick.com.br\/en\/customers\/\",\"url\":\"https:\/\/rodoquick.com.br\/en\/customers\/\",\"name\":\"Main Customers - Transportadora em Santos - Rodoquick Transportes\",\"isPartOf\":{\"@id\":\"https:\/\/rodoquick.com.br\/en\/#website\"},\"primaryImageOfPage\":{\"@id\":\"https:\/\/rodoquick.com.br\/en\/customers\/#primaryimage\"},\"image\":{\"@id\":\"https:\/\/rodoquick.com.br\/en\/customers\/#primaryimage\"},\"thumbnailUrl\":\"https:\/\/rodoquick.com.br\/wp-content\/uploads\/2022\/04\/topo_empresa.jpg\",\"datePublished\":\"2022-04-20T16:35:32+00:00\",\"dateModified\":\"2022-04-26T18:47:52+00:00\",\"breadcrumb\":{\"@id\":\"https:\/\/rodoquick.com.br\/en\/customers\/#breadcrumb\"},\"inLanguage\":\"en-US\",\"potentialAction\":[{\"@type\":\"ReadAction\",\"target\":[\"https:\/\/rodoquick.com.br\/en\/customers\/\"]}]},{\"@type\":\"ImageObject\",\"inLanguage\":\"en-US\",\"@id\":\"https:\/\/rodoquick.com.br\/en\/customers\/#primaryimage\",\"url\":\"https:\/\/rodoquick.com.br\/wp-content\/uploads\/2022\/04\/topo_empresa.jpg\",\"contentUrl\":\"https:\/\/rodoquick.com.br\/wp-content\/uploads\/2022\/04\/topo_empresa.jpg\",\"width\":1920,\"height\":300,\"caption\":\"Transportadora em Santos \u2013 A Rodoquick\"},{\"@type\":\"BreadcrumbList\",\"@id\":\"https:\/\/rodoquick.com.br\/en\/customers\/#breadcrumb\",\"itemListElement\":[{\"@type\":\"ListItem\",\"position\":1,\"name\":\"In\u00edcio\",\"item\":\"https:\/\/rodoquick.com.br\/en\/\"},{\"@type\":\"ListItem\",\"position\":2,\"name\":\"Main Customers\"}]},{\"@type\":\"WebSite\",\"@id\":\"https:\/\/rodoquick.com.br\/en\/#website\",\"url\":\"https:\/\/rodoquick.com.br\/en\/\",\"name\":\"Transportadora em Santos - Rodoquick Transportes\",\"description\":\"Transportadora de Santos, que realiza o transporte de containers entre os portos de Santos, Itaja\u00ed, Navegantes, Paranagu\u00e1 e Itapo\u00e1 e as plantas de importadores e exportadores\",\"potentialAction\":[{\"@type\":\"SearchAction\",\"target\":{\"@type\":\"EntryPoint\",\"urlTemplate\":\"https:\/\/rodoquick.com.br\/en\/?s={search_term_string}\"},\"query-input\":{\"@type\":\"PropertyValueSpecification\",\"valueRequired\":true,\"valueName\":\"search_term_string\"}}],\"inLanguage\":\"en-US\"}]}<\/script>\n<!-- \/ Yoast SEO plugin. -->","yoast_head_json":{"title":"Main Customers - Transportadora em Santos - Rodoquick Transportes","robots":{"index":"index","follow":"follow","max-snippet":"max-snippet:-1","max-image-preview":"max-image-preview:large","max-video-preview":"max-video-preview:-1"},"canonical":"https:\/\/rodoquick.com.br\/en\/customers\/","og_locale":"en_US","og_type":"article","og_title":"Main Customers - Transportadora em Santos - Rodoquick Transportes","og_description":"MAIN CUSTOMERS","og_url":"https:\/\/rodoquick.com.br\/en\/customers\/","og_site_name":"Transportadora em Santos - Rodoquick Transportes","article_modified_time":"2022-04-26T18:47:52+00:00","og_image":[{"width":1920,"height":300,"url":"https:\/\/rodoquick.com.br\/wp-content\/uploads\/2022\/04\/topo_empresa.jpg","type":"image\/jpeg"}],"twitter_card":"summary_large_image","twitter_misc":{"Est. reading time":"1 minute"},"schema":{"@context":"https:\/\/schema.org","@graph":[{"@type":"WebPage","@id":"https:\/\/rodoquick.com.br\/en\/customers\/","url":"https:\/\/rodoquick.com.br\/en\/customers\/","name":"Main Customers - Transportadora em Santos - Rodoquick Transportes","isPartOf":{"@id":"https:\/\/rodoquick.com.br\/en\/#website"},"primaryImageOfPage":{"@id":"https:\/\/rodoquick.com.br\/en\/customers\/#primaryimage"},"image":{"@id":"https:\/\/rodoquick.com.br\/en\/customers\/#primaryimage"},"thumbnailUrl":"https:\/\/rodoquick.com.br\/wp-content\/uploads\/2022\/04\/topo_empresa.jpg","datePublished":"2022-04-20T16:35:32+00:00","dateModified":"2022-04-26T18:47:52+00:00","breadcrumb":{"@id":"https:\/\/rodoquick.com.br\/en\/customers\/#breadcrumb"},"inLanguage":"en-US","potentialAction":[{"@type":"ReadAction","target":["https:\/\/rodoquick.com.br\/en\/customers\/"]}]},{"@type":"ImageObject","inLanguage":"en-US","@id":"https:\/\/rodoquick.com.br\/en\/customers\/#primaryimage","url":"https:\/\/rodoquick.com.br\/wp-content\/uploads\/2022\/04\/topo_empresa.jpg","contentUrl":"https:\/\/rodoquick.com.br\/wp-content\/uploads\/2022\/04\/topo_empresa.jpg","width":1920,"height":300,"caption":"Transportadora em Santos \u2013 A Rodoquick"},{"@type":"BreadcrumbList","@id":"https:\/\/rodoquick.com.br\/en\/customers\/#breadcrumb","itemListElement":[{"@type":"ListItem","position":1,"name":"In\u00edcio","item":"https:\/\/rodoquick.com.br\/en\/"},{"@type":"ListItem","position":2,"name":"Main Customers"}]},{"@type":"WebSite","@id":"https:\/\/rodoquick.com.br\/en\/#website","url":"https:\/\/rodoquick.com.br\/en\/","name":"Transportadora em Santos - Rodoquick Transportes","description":"Transportadora de Santos, que realiza o transporte de containers entre os portos de Santos, Itaja\u00ed, Navegantes, Paranagu\u00e1 e Itapo\u00e1 e as plantas de importadores e exportadores","potentialAction":[{"@type":"SearchAction","target":{"@type":"EntryPoint","urlTemplate":"https:\/\/rodoquick.com.br\/en\/?s={search_term_string}"},"query-input":{"@type":"PropertyValueSpecification","valueRequired":true,"valueName":"search_term_string"}}],"inLanguage":"en-US"}]}},"_links":{"self":[{"href":"https:\/\/rodoquick.com.br\/en\/wp-json\/wp\/v2\/pages\/1175","targetHints":{"allow":["GET"]}}],"collection":[{"href":"https:\/\/rodoquick.com.br\/en\/wp-json\/wp\/v2\/pages"}],"about":[{"href":"https:\/\/rodoquick.com.br\/en\/wp-json\/wp\/v2\/types\/page"}],"author":[{"embeddable":true,"href":"https:\/\/rodoquick.com.br\/en\/wp-json\/wp\/v2\/users\/3"}],"replies":[{"embeddable":true,"href":"https:\/\/rodoquick.com.br\/en\/wp-json\/wp\/v2\/comments?post=1175"}],"version-history":[{"count":5,"href":"https:\/\/rodoquick.com.br\/en\/wp-json\/wp\/v2\/pages\/1175\/revisions"}],"predecessor-version":[{"id":1191,"href":"https:\/\/rodoquick.com.br\/en\/wp-json\/wp\/v2\/pages\/1175\/revisions\/1191"}],"wp:featuredmedia":[{"embeddable":true,"href":"https:\/\/rodoquick.com.br\/en\/wp-json\/wp\/v2\/media\/1080"}],"wp:attachment":[{"href":"https:\/\/rodoquick.com.br\/en\/wp-json\/wp\/v2\/media?parent=1175"}],"curies":[{"name":"wp","href":"https:\/\/api.w.org\/{rel}","templated":true}]}}