{"id":1169,"date":"2022-04-20T16:26:26","date_gmt":"2022-04-20T16:26:26","guid":{"rendered":"https:\/\/rodoquick.com.br\/o-modo-rodoquick\/"},"modified":"2022-04-26T18:49:21","modified_gmt":"2022-04-26T18:49:21","slug":"the-way-we-work","status":"publish","type":"page","link":"https:\/\/rodoquick.com.br\/en\/the-way-we-work\/","title":{"rendered":"The Way we Work"},"content":{"rendered":"<p>[et_pb_section fb_built=&#8221;1&#8243; _builder_version=&#8221;4.17.1&#8243; _module_preset=&#8221;default&#8221; custom_padding=&#8221;0px||0px||true|false&#8221; global_colors_info=&#8221;{}&#8221;][et_pb_row _builder_version=&#8221;4.17.1&#8243; _module_preset=&#8221;default&#8221; width=&#8221;100%&#8221; max_width=&#8221;1920px&#8221; custom_padding=&#8221;0px||0px||true|false&#8221; global_colors_info=&#8221;{}&#8221;][et_pb_column type=&#8221;4_4&#8243; _builder_version=&#8221;4.17.1&#8243; _module_preset=&#8221;default&#8221; global_colors_info=&#8221;{}&#8221;][et_pb_image src=&#8221;https:\/\/rodoquick.com.br\/wp-content\/uploads\/2022\/04\/topo_empresa.jpg&#8221; title_text=&#8221;topo_empresa&#8221; _builder_version=&#8221;4.17.1&#8243; _module_preset=&#8221;default&#8221; global_colors_info=&#8221;{}&#8221;][\/et_pb_image][\/et_pb_column][\/et_pb_row][\/et_pb_section][et_pb_section fb_built=&#8221;1&#8243; custom_padding_last_edited=&#8221;on|phone&#8221; module_class=&#8221;content-text&#8221; _builder_version=&#8221;4.17.1&#8243; _module_preset=&#8221;default&#8221; background_color=&#8221;#FFFFFF&#8221; width=&#8221;100%&#8221; max_width=&#8221;1200px&#8221; custom_margin=&#8221;36px|auto|54px|auto|false|true&#8221; custom_padding=&#8221;40px|64px|40px|64px|true|true&#8221; custom_padding_tablet=&#8221;40px|64px|40px|64px|true|true&#8221; custom_padding_phone=&#8221;0px|24px|0px|24px|true|true&#8221; border_width_all=&#8221;1px&#8221; border_color_all=&#8221;#ebebeb&#8221; global_colors_info=&#8221;{}&#8221;][et_pb_row _builder_version=&#8221;4.17.1&#8243; _module_preset=&#8221;default&#8221; background_color=&#8221;#ffffff&#8221; width=&#8221;100%&#8221; custom_padding=&#8221;||||false|false&#8221; global_colors_info=&#8221;{}&#8221;][et_pb_column type=&#8221;4_4&#8243; _builder_version=&#8221;4.17.1&#8243; _module_preset=&#8221;default&#8221; global_colors_info=&#8221;{}&#8221;][et_pb_text admin_label=&#8221;T\u00edtulo&#8221; _builder_version=&#8221;4.17.1&#8243; _module_preset=&#8221;default&#8221; custom_margin=&#8221;||12px||false|false&#8221; global_colors_info=&#8221;{}&#8221;]<\/p>\n<h1><strong>RODOQUICK WAY<\/strong><\/h1>\n<p>[\/et_pb_text][et_pb_text _builder_version=&#8221;4.17.1&#8243; _module_preset=&#8221;default&#8221; header_2_font_size=&#8221;22px&#8221; global_colors_info=&#8221;{}&#8221;]<\/p>\n<p><strong>RodoQuick Transportes<\/strong> has a particular way of working and seeing the <strong>container transport<\/strong> business. We take your logistic chain to another level, bringing innovative solutions to your gaps.<\/p>\n<h2>FAST PACE<\/h2>\n<p>The fast flow of information and the autonomy of our employees brings flexibility in the operations, always bearing in mind that attention to details and resolution of unforeseen events to be managed quickly.<\/p>\n<h2>EMPLOYEES&#8217; MOTIVATION<\/h2>\n<p>In a new company, employees are in the spotlight and most of the times, they can grow with it. In a <strong>transport company<\/strong>, it is no different and, in this sense, our employees know the importance they have in their role, having autonomy and responsibility to act in the most ethic and professional way, in each step of the logistic chain, <strong>transport and storage<\/strong>. These factors are essential for maintaining the motivation and commitment of the employees, so that they can take care of our customers, in the best possible way.<\/p>\n<h2>IMPORTANCE OF EACH CUSTOMER<\/h2>\n<p>At RodoQuick, all customers are treated in the same way, receiving personalized follow-up and maximum attention.<\/p>\n<h2>PARTNERSHIP<\/h2>\n<p>The term \u201cpartnership\u201d is currently used frequently, without actually being put into practice.<\/p>\n<p>Here at RodoQuick, we emphasize that transparency and pro-activity is real, so that there is trust, and a long term partnership with our customers.<\/p>\n<p>Customers often need special care and attention in specific situations, such as last minute changes in operations, extended free time, issues with gates \/ terminals etc. We often try to help and assist whenever possible, with our local contacts and partners.<\/p>\n<p>We try our best to maximize our expertise and local knowledge, sharing experiences from other areas, demonstrating that we are together &#8211; as a Team and as Partners &#8211; that you can count on, even on unusual challenges.<\/p>\n<p>We believe that our customers need (and can recognize), the importance of a good partner, and partnership is more than a jargon, but to walk together through daily challenges.<\/p>\n<h2>OUR BLOG<\/h2>\n<p>Read our <a href=\"https:\/\/rodoquick.com.br\/blog\/\">blog<\/a> and get to know a little bit more about our way of thinking, acting, writing, and exposing ideas&#8230; Then you will get to know better the RodoQuick philosophy and values, which make the difference in critical moments of transport and logistics operations &#8211; that make us one of the fastest growing transport companies in Santos.<\/p>\n<p>[\/et_pb_text][\/et_pb_column][\/et_pb_row][\/et_pb_section]<\/p>\n","protected":false},"excerpt":{"rendered":"<p>RODOQUICK WAYRodoQuick Transportes has a particular way of working and seeing the container transport business. We take your logistic chain to another level, bringing innovative solutions to your gaps. FAST PACE The fast flow of information and the autonomy of our employees brings flexibility in the operations, always bearing in mind that attention to details [&hellip;]<\/p>\n","protected":false},"author":3,"featured_media":1235,"parent":0,"menu_order":0,"comment_status":"closed","ping_status":"closed","template":"","meta":{"_et_pb_use_builder":"on","_et_pb_old_content":"","_et_gb_content_width":"","footnotes":""},"class_list":["post-1169","page","type-page","status-publish","has-post-thumbnail","hentry"],"yoast_head":"<!-- This site is optimized with the Yoast SEO plugin v25.0 - https:\/\/yoast.com\/wordpress\/plugins\/seo\/ -->\n<title>The Way we Work - Transportadora em Santos - Rodoquick Transportes<\/title>\n<meta name=\"robots\" content=\"index, follow, max-snippet:-1, max-image-preview:large, max-video-preview:-1\" \/>\n<link rel=\"canonical\" href=\"https:\/\/rodoquick.com.br\/en\/the-way-we-work\/\" \/>\n<meta property=\"og:locale\" content=\"en_US\" \/>\n<meta property=\"og:type\" content=\"article\" \/>\n<meta property=\"og:title\" content=\"The Way we Work - Transportadora em Santos - Rodoquick Transportes\" \/>\n<meta property=\"og:description\" content=\"RODOQUICK WAYRodoQuick Transportes has a particular way of working and seeing the container transport business. We take your logistic chain to another level, bringing innovative solutions to your gaps. FAST PACE The fast flow of information and the autonomy of our employees brings flexibility in the operations, always bearing in mind that attention to details [&hellip;]\" \/>\n<meta property=\"og:url\" content=\"https:\/\/rodoquick.com.br\/en\/the-way-we-work\/\" \/>\n<meta property=\"og:site_name\" content=\"Transportadora em Santos - Rodoquick Transportes\" \/>\n<meta property=\"article:modified_time\" content=\"2022-04-26T18:49:21+00:00\" \/>\n<meta property=\"og:image\" content=\"https:\/\/rodoquick.com.br\/wp-content\/uploads\/2022\/04\/topo_modo.jpg\" \/>\n\t<meta property=\"og:image:width\" content=\"1920\" \/>\n\t<meta property=\"og:image:height\" content=\"300\" \/>\n\t<meta property=\"og:image:type\" content=\"image\/jpeg\" \/>\n<meta name=\"twitter:card\" content=\"summary_large_image\" \/>\n<meta name=\"twitter:label1\" content=\"Est. reading time\" \/>\n\t<meta name=\"twitter:data1\" content=\"3 minutes\" \/>\n<script type=\"application\/ld+json\" class=\"yoast-schema-graph\">{\"@context\":\"https:\/\/schema.org\",\"@graph\":[{\"@type\":\"WebPage\",\"@id\":\"https:\/\/rodoquick.com.br\/en\/the-way-we-work\/\",\"url\":\"https:\/\/rodoquick.com.br\/en\/the-way-we-work\/\",\"name\":\"The Way we Work - Transportadora em Santos - Rodoquick Transportes\",\"isPartOf\":{\"@id\":\"https:\/\/rodoquick.com.br\/en\/#website\"},\"primaryImageOfPage\":{\"@id\":\"https:\/\/rodoquick.com.br\/en\/the-way-we-work\/#primaryimage\"},\"image\":{\"@id\":\"https:\/\/rodoquick.com.br\/en\/the-way-we-work\/#primaryimage\"},\"thumbnailUrl\":\"https:\/\/rodoquick.com.br\/wp-content\/uploads\/2022\/04\/topo_modo.jpg\",\"datePublished\":\"2022-04-20T16:26:26+00:00\",\"dateModified\":\"2022-04-26T18:49:21+00:00\",\"breadcrumb\":{\"@id\":\"https:\/\/rodoquick.com.br\/en\/the-way-we-work\/#breadcrumb\"},\"inLanguage\":\"en-US\",\"potentialAction\":[{\"@type\":\"ReadAction\",\"target\":[\"https:\/\/rodoquick.com.br\/en\/the-way-we-work\/\"]}]},{\"@type\":\"ImageObject\",\"inLanguage\":\"en-US\",\"@id\":\"https:\/\/rodoquick.com.br\/en\/the-way-we-work\/#primaryimage\",\"url\":\"https:\/\/rodoquick.com.br\/wp-content\/uploads\/2022\/04\/topo_modo.jpg\",\"contentUrl\":\"https:\/\/rodoquick.com.br\/wp-content\/uploads\/2022\/04\/topo_modo.jpg\",\"width\":1920,\"height\":300,\"caption\":\"O Modo Rodoquick\"},{\"@type\":\"BreadcrumbList\",\"@id\":\"https:\/\/rodoquick.com.br\/en\/the-way-we-work\/#breadcrumb\",\"itemListElement\":[{\"@type\":\"ListItem\",\"position\":1,\"name\":\"In\u00edcio\",\"item\":\"https:\/\/rodoquick.com.br\/en\/\"},{\"@type\":\"ListItem\",\"position\":2,\"name\":\"The Way we Work\"}]},{\"@type\":\"WebSite\",\"@id\":\"https:\/\/rodoquick.com.br\/en\/#website\",\"url\":\"https:\/\/rodoquick.com.br\/en\/\",\"name\":\"Transportadora em Santos - Rodoquick Transportes\",\"description\":\"Transportadora de Santos, que realiza o transporte de containers entre os portos de Santos, Itaja\u00ed, Navegantes, Paranagu\u00e1 e Itapo\u00e1 e as plantas de importadores e exportadores\",\"potentialAction\":[{\"@type\":\"SearchAction\",\"target\":{\"@type\":\"EntryPoint\",\"urlTemplate\":\"https:\/\/rodoquick.com.br\/en\/?s={search_term_string}\"},\"query-input\":{\"@type\":\"PropertyValueSpecification\",\"valueRequired\":true,\"valueName\":\"search_term_string\"}}],\"inLanguage\":\"en-US\"}]}<\/script>\n<!-- \/ Yoast SEO plugin. -->","yoast_head_json":{"title":"The Way we Work - Transportadora em Santos - Rodoquick Transportes","robots":{"index":"index","follow":"follow","max-snippet":"max-snippet:-1","max-image-preview":"max-image-preview:large","max-video-preview":"max-video-preview:-1"},"canonical":"https:\/\/rodoquick.com.br\/en\/the-way-we-work\/","og_locale":"en_US","og_type":"article","og_title":"The Way we Work - Transportadora em Santos - Rodoquick Transportes","og_description":"RODOQUICK WAYRodoQuick Transportes has a particular way of working and seeing the container transport business. We take your logistic chain to another level, bringing innovative solutions to your gaps. FAST PACE The fast flow of information and the autonomy of our employees brings flexibility in the operations, always bearing in mind that attention to details [&hellip;]","og_url":"https:\/\/rodoquick.com.br\/en\/the-way-we-work\/","og_site_name":"Transportadora em Santos - Rodoquick Transportes","article_modified_time":"2022-04-26T18:49:21+00:00","og_image":[{"width":1920,"height":300,"url":"https:\/\/rodoquick.com.br\/wp-content\/uploads\/2022\/04\/topo_modo.jpg","type":"image\/jpeg"}],"twitter_card":"summary_large_image","twitter_misc":{"Est. reading time":"3 minutes"},"schema":{"@context":"https:\/\/schema.org","@graph":[{"@type":"WebPage","@id":"https:\/\/rodoquick.com.br\/en\/the-way-we-work\/","url":"https:\/\/rodoquick.com.br\/en\/the-way-we-work\/","name":"The Way we Work - Transportadora em Santos - Rodoquick Transportes","isPartOf":{"@id":"https:\/\/rodoquick.com.br\/en\/#website"},"primaryImageOfPage":{"@id":"https:\/\/rodoquick.com.br\/en\/the-way-we-work\/#primaryimage"},"image":{"@id":"https:\/\/rodoquick.com.br\/en\/the-way-we-work\/#primaryimage"},"thumbnailUrl":"https:\/\/rodoquick.com.br\/wp-content\/uploads\/2022\/04\/topo_modo.jpg","datePublished":"2022-04-20T16:26:26+00:00","dateModified":"2022-04-26T18:49:21+00:00","breadcrumb":{"@id":"https:\/\/rodoquick.com.br\/en\/the-way-we-work\/#breadcrumb"},"inLanguage":"en-US","potentialAction":[{"@type":"ReadAction","target":["https:\/\/rodoquick.com.br\/en\/the-way-we-work\/"]}]},{"@type":"ImageObject","inLanguage":"en-US","@id":"https:\/\/rodoquick.com.br\/en\/the-way-we-work\/#primaryimage","url":"https:\/\/rodoquick.com.br\/wp-content\/uploads\/2022\/04\/topo_modo.jpg","contentUrl":"https:\/\/rodoquick.com.br\/wp-content\/uploads\/2022\/04\/topo_modo.jpg","width":1920,"height":300,"caption":"O Modo Rodoquick"},{"@type":"BreadcrumbList","@id":"https:\/\/rodoquick.com.br\/en\/the-way-we-work\/#breadcrumb","itemListElement":[{"@type":"ListItem","position":1,"name":"In\u00edcio","item":"https:\/\/rodoquick.com.br\/en\/"},{"@type":"ListItem","position":2,"name":"The Way we Work"}]},{"@type":"WebSite","@id":"https:\/\/rodoquick.com.br\/en\/#website","url":"https:\/\/rodoquick.com.br\/en\/","name":"Transportadora em Santos - Rodoquick Transportes","description":"Transportadora de Santos, que realiza o transporte de containers entre os portos de Santos, Itaja\u00ed, Navegantes, Paranagu\u00e1 e Itapo\u00e1 e as plantas de importadores e exportadores","potentialAction":[{"@type":"SearchAction","target":{"@type":"EntryPoint","urlTemplate":"https:\/\/rodoquick.com.br\/en\/?s={search_term_string}"},"query-input":{"@type":"PropertyValueSpecification","valueRequired":true,"valueName":"search_term_string"}}],"inLanguage":"en-US"}]}},"_links":{"self":[{"href":"https:\/\/rodoquick.com.br\/en\/wp-json\/wp\/v2\/pages\/1169","targetHints":{"allow":["GET"]}}],"collection":[{"href":"https:\/\/rodoquick.com.br\/en\/wp-json\/wp\/v2\/pages"}],"about":[{"href":"https:\/\/rodoquick.com.br\/en\/wp-json\/wp\/v2\/types\/page"}],"author":[{"embeddable":true,"href":"https:\/\/rodoquick.com.br\/en\/wp-json\/wp\/v2\/users\/3"}],"replies":[{"embeddable":true,"href":"https:\/\/rodoquick.com.br\/en\/wp-json\/wp\/v2\/comments?post=1169"}],"version-history":[{"count":6,"href":"https:\/\/rodoquick.com.br\/en\/wp-json\/wp\/v2\/pages\/1169\/revisions"}],"predecessor-version":[{"id":1327,"href":"https:\/\/rodoquick.com.br\/en\/wp-json\/wp\/v2\/pages\/1169\/revisions\/1327"}],"wp:featuredmedia":[{"embeddable":true,"href":"https:\/\/rodoquick.com.br\/en\/wp-json\/wp\/v2\/media\/1235"}],"wp:attachment":[{"href":"https:\/\/rodoquick.com.br\/en\/wp-json\/wp\/v2\/media?parent=1169"}],"curies":[{"name":"wp","href":"https:\/\/api.w.org\/{rel}","templated":true}]}}