{"id":1162,"date":"2022-04-20T16:16:08","date_gmt":"2022-04-20T16:16:08","guid":{"rendered":"https:\/\/rodoquick.com.br\/servicos\/"},"modified":"2022-04-28T15:19:55","modified_gmt":"2022-04-28T15:19:55","slug":"land-freight-santos","status":"publish","type":"page","link":"https:\/\/rodoquick.com.br\/en\/land-freight-santos\/","title":{"rendered":"Our Services"},"content":{"rendered":"<p>[et_pb_section fb_built=&#8221;1&#8243; _builder_version=&#8221;4.17.1&#8243; _module_preset=&#8221;default&#8221; custom_padding=&#8221;0px||0px||true|false&#8221; global_colors_info=&#8221;{}&#8221;][et_pb_row _builder_version=&#8221;4.17.1&#8243; _module_preset=&#8221;default&#8221; width=&#8221;100%&#8221; max_width=&#8221;1920px&#8221; custom_padding=&#8221;0px||0px||true|false&#8221; global_colors_info=&#8221;{}&#8221;][et_pb_column type=&#8221;4_4&#8243; _builder_version=&#8221;4.17.1&#8243; _module_preset=&#8221;default&#8221; global_colors_info=&#8221;{}&#8221;][et_pb_image src=&#8221;https:\/\/rodoquick.com.br\/wp-content\/uploads\/2022\/04\/topo_servicos-2.jpg&#8221; title_text=&#8221;topo_servicos-2&#8243; _builder_version=&#8221;4.17.1&#8243; _module_preset=&#8221;default&#8221; global_colors_info=&#8221;{}&#8221;][\/et_pb_image][\/et_pb_column][\/et_pb_row][\/et_pb_section][et_pb_section fb_built=&#8221;1&#8243; custom_padding_last_edited=&#8221;on|phone&#8221; module_class=&#8221;content-text&#8221; _builder_version=&#8221;4.17.1&#8243; _module_preset=&#8221;default&#8221; background_color=&#8221;#FFFFFF&#8221; width=&#8221;100%&#8221; max_width=&#8221;1200px&#8221; custom_margin=&#8221;36px|auto|54px|auto|false|true&#8221; custom_padding=&#8221;40px|64px|40px|64px|true|true&#8221; custom_padding_tablet=&#8221;40px|64px|40px|64px|true|true&#8221; custom_padding_phone=&#8221;0px|24px|0px|24px|true|true&#8221; border_width_all=&#8221;1px&#8221; border_color_all=&#8221;#ebebeb&#8221; global_colors_info=&#8221;{}&#8221;][et_pb_row _builder_version=&#8221;4.17.1&#8243; _module_preset=&#8221;default&#8221; background_enable_color=&#8221;off&#8221; width=&#8221;100%&#8221; custom_padding=&#8221;||||false|false&#8221; global_colors_info=&#8221;{}&#8221;][et_pb_column type=&#8221;4_4&#8243; _builder_version=&#8221;4.17.1&#8243; _module_preset=&#8221;default&#8221; global_colors_info=&#8221;{}&#8221;][et_pb_text admin_label=&#8221;T\u00edtulo&#8221; _builder_version=&#8221;4.17.1&#8243; _module_preset=&#8221;default&#8221; custom_margin=&#8221;||28px||false|false&#8221; global_colors_info=&#8221;{}&#8221;]<\/p>\n<h1><strong>CONTAINER TRANSPORTATION AND MORE<\/strong><\/h1>\n<p>[\/et_pb_text][et_pb_text _builder_version=&#8221;4.17.1&#8243; _module_preset=&#8221;default&#8221; header_2_font_size=&#8221;22px&#8221; global_colors_info=&#8221;{}&#8221;]<\/p>\n<h2>TRANSPORT OF CONTAINERS<\/h2>\n<p>Our focus is to <strong>transport containers<\/strong> between our customers&#8217; facilities (importers and exporters),<strong> to Santos, Paranagu\u00e1, Itaja\u00ed, Navegantes <\/strong>and<strong> Itapo\u00e1 Ports<\/strong>.<\/p>\n<p><strong>IMPORT:<\/strong> Upon delivery, we remove the container from the port, transport it to customer\u2019s address, where the cargo is unloaded, and return the empty container to the container line depot.<\/p>\n<p><strong>EXPORT:<\/strong> When exporting, we collect the empty unity from the terminal, transport it to the customer\u2019s address, load the container, and deliver the full unity to the port, at the shipping\u2019s terminal \/ dock.<\/p>\n<h2>PRE-STACKING AND REDEX TERMINAL<\/h2>\n<p>If the customer wants to deliver the loaded container before the gate is open, we have a <a href=\"\/2019\/05\/28\/transportadoras-em-santos-o-que-e-pre-stacking\/\">REDEX terminal<\/a>, where we store the unity, until the opening of the gate, so we can deliver it to the boarding terminal in time for the cut off. For reefer cargo, our terminal has plug ins to connect reefer containers and to keep the adequate temperature inside.<\/p>\n<h2>DTA TRANSPORT<\/h2>\n<p>Besides <a href=\"\/2019\/05\/28\/transporte-dta-transporte-de-containers-em-regime-dta\/\">DTA regime<\/a>, we transport cargo from the ports of arrival to <strong>EADIs<\/strong>, according to the routes and deadlines determined by the RF (Receita Federal).<\/p>\n<h2>TRANSPORT OF DANGEROUS CARGO (IMO)<\/h2>\n<p>We have licenses from <a href=\"https:\/\/www.ibama.gov.br\/\" target=\"_blank\" rel=\"noopener\">IBAMA<\/a>, <a href=\"https:\/\/www.policiacivil.sp.gov.br\/\" target=\"_blank\" rel=\"noopener\">Civil Police<\/a> and <a href=\"http:\/\/www.pf.gov.br\/servicos-pf\/produtos-quimicos\" target=\"_blank\" rel=\"noopener\">Federal Police<\/a> and, therefore, in addition to general cargo (auto parts, textile, food, resins, among others), we <a href=\"\/2019\/05\/28\/transportadoras-de-santos-transporte-rodoviario-de-cargas-perigosas-parte-1-2\/\">transport IMO (dangerous) cargo<\/a>.<\/p>\n<h2>TRANSPORT OF CONSOLIDATED CARGO<\/h2>\n<p>Finally, in addition to containers, the transport of small shipments \/ pallets or dedicated cargo with dedicated vehicles, providing greater speed and lower load capacity, when compared to the transport of fractional loads.<\/p>\n<h2>TAYLOR MADE SERVICES<\/h2>\n<p>If the service that needs to be described above, is processed to the cargo operation, whether you are, export or <strong>cabotage<\/strong>, contact us to answer your need and seek a solution. Our Team is trained to think out of the box, and to set up customized <strong>transport<\/strong> and <strong>storage<\/strong> operations in <strong>Santos, Paranagu\u00e1, Itaja\u00ed, Navegantes and Itapo\u00e1 Ports<\/strong>, to adapt to the way that best serves our <strong>importing and exporting<\/strong> customers.<\/p>\n<h2>ASK US<\/h2>\n<p>Contact us\u2026 we are here to help!<br \/>Tel: 013 3219 2017<br \/>Email: <a href=\"mailto:contato@rodoquick.com.br\">contato@rodoquick.com.br<\/a><\/p>\n<p>[\/et_pb_text][\/et_pb_column][\/et_pb_row][\/et_pb_section]<\/p>\n","protected":false},"excerpt":{"rendered":"<p>CONTAINER TRANSPORTATION AND MORETRANSPORT OF CONTAINERS Our focus is to transport containers between our customers&#8217; facilities (importers and exporters), to Santos, Paranagu\u00e1, Itaja\u00ed, Navegantes and Itapo\u00e1 Ports. IMPORT: Upon delivery, we remove the container from the port, transport it to customer\u2019s address, where the cargo is unloaded, and return the empty container to the container [&hellip;]<\/p>\n","protected":false},"author":3,"featured_media":1081,"parent":0,"menu_order":0,"comment_status":"closed","ping_status":"closed","template":"","meta":{"_et_pb_use_builder":"on","_et_pb_old_content":"","_et_gb_content_width":"","footnotes":""},"class_list":["post-1162","page","type-page","status-publish","has-post-thumbnail","hentry"],"yoast_head":"<!-- This site is optimized with the Yoast SEO plugin v25.0 - https:\/\/yoast.com\/wordpress\/plugins\/seo\/ -->\n<title>Our Services - Transportadora em Santos - Rodoquick Transportes<\/title>\n<meta name=\"robots\" content=\"index, follow, max-snippet:-1, max-image-preview:large, max-video-preview:-1\" \/>\n<link rel=\"canonical\" href=\"https:\/\/rodoquick.com.br\/en\/land-freight-santos\/\" \/>\n<meta property=\"og:locale\" content=\"en_US\" \/>\n<meta property=\"og:type\" content=\"article\" \/>\n<meta property=\"og:title\" content=\"Our Services - Transportadora em Santos - Rodoquick Transportes\" \/>\n<meta property=\"og:description\" content=\"CONTAINER TRANSPORTATION AND MORETRANSPORT OF CONTAINERS Our focus is to transport containers between our customers&#039; facilities (importers and exporters), to Santos, Paranagu\u00e1, Itaja\u00ed, Navegantes and Itapo\u00e1 Ports. IMPORT: Upon delivery, we remove the container from the port, transport it to customer\u2019s address, where the cargo is unloaded, and return the empty container to the container [&hellip;]\" \/>\n<meta property=\"og:url\" content=\"https:\/\/rodoquick.com.br\/en\/land-freight-santos\/\" \/>\n<meta property=\"og:site_name\" content=\"Transportadora em Santos - Rodoquick Transportes\" \/>\n<meta property=\"article:modified_time\" content=\"2022-04-28T15:19:55+00:00\" \/>\n<meta property=\"og:image\" content=\"https:\/\/rodoquick.com.br\/wp-content\/uploads\/2022\/04\/topo_servicos-2.jpg\" \/>\n\t<meta property=\"og:image:width\" content=\"1920\" \/>\n\t<meta property=\"og:image:height\" content=\"300\" \/>\n\t<meta property=\"og:image:type\" content=\"image\/jpeg\" \/>\n<meta name=\"twitter:card\" content=\"summary_large_image\" \/>\n<meta name=\"twitter:label1\" content=\"Est. reading time\" \/>\n\t<meta name=\"twitter:data1\" content=\"3 minutes\" \/>\n<script type=\"application\/ld+json\" class=\"yoast-schema-graph\">{\"@context\":\"https:\/\/schema.org\",\"@graph\":[{\"@type\":\"WebPage\",\"@id\":\"https:\/\/rodoquick.com.br\/en\/land-freight-santos\/\",\"url\":\"https:\/\/rodoquick.com.br\/en\/land-freight-santos\/\",\"name\":\"Our Services - Transportadora em Santos - Rodoquick Transportes\",\"isPartOf\":{\"@id\":\"https:\/\/rodoquick.com.br\/en\/#website\"},\"primaryImageOfPage\":{\"@id\":\"https:\/\/rodoquick.com.br\/en\/land-freight-santos\/#primaryimage\"},\"image\":{\"@id\":\"https:\/\/rodoquick.com.br\/en\/land-freight-santos\/#primaryimage\"},\"thumbnailUrl\":\"https:\/\/rodoquick.com.br\/wp-content\/uploads\/2022\/04\/topo_servicos-2.jpg\",\"datePublished\":\"2022-04-20T16:16:08+00:00\",\"dateModified\":\"2022-04-28T15:19:55+00:00\",\"breadcrumb\":{\"@id\":\"https:\/\/rodoquick.com.br\/en\/land-freight-santos\/#breadcrumb\"},\"inLanguage\":\"en-US\",\"potentialAction\":[{\"@type\":\"ReadAction\",\"target\":[\"https:\/\/rodoquick.com.br\/en\/land-freight-santos\/\"]}]},{\"@type\":\"ImageObject\",\"inLanguage\":\"en-US\",\"@id\":\"https:\/\/rodoquick.com.br\/en\/land-freight-santos\/#primaryimage\",\"url\":\"https:\/\/rodoquick.com.br\/wp-content\/uploads\/2022\/04\/topo_servicos-2.jpg\",\"contentUrl\":\"https:\/\/rodoquick.com.br\/wp-content\/uploads\/2022\/04\/topo_servicos-2.jpg\",\"width\":1920,\"height\":300,\"caption\":\"Transporte de Containers e Mais Servi\u00e7os\"},{\"@type\":\"BreadcrumbList\",\"@id\":\"https:\/\/rodoquick.com.br\/en\/land-freight-santos\/#breadcrumb\",\"itemListElement\":[{\"@type\":\"ListItem\",\"position\":1,\"name\":\"In\u00edcio\",\"item\":\"https:\/\/rodoquick.com.br\/en\/\"},{\"@type\":\"ListItem\",\"position\":2,\"name\":\"Our Services\"}]},{\"@type\":\"WebSite\",\"@id\":\"https:\/\/rodoquick.com.br\/en\/#website\",\"url\":\"https:\/\/rodoquick.com.br\/en\/\",\"name\":\"Transportadora em Santos - Rodoquick Transportes\",\"description\":\"Transportadora de Santos, que realiza o transporte de containers entre os portos de Santos, Itaja\u00ed, Navegantes, Paranagu\u00e1 e Itapo\u00e1 e as plantas de importadores e exportadores\",\"potentialAction\":[{\"@type\":\"SearchAction\",\"target\":{\"@type\":\"EntryPoint\",\"urlTemplate\":\"https:\/\/rodoquick.com.br\/en\/?s={search_term_string}\"},\"query-input\":{\"@type\":\"PropertyValueSpecification\",\"valueRequired\":true,\"valueName\":\"search_term_string\"}}],\"inLanguage\":\"en-US\"}]}<\/script>\n<!-- \/ Yoast SEO plugin. -->","yoast_head_json":{"title":"Our Services - Transportadora em Santos - Rodoquick Transportes","robots":{"index":"index","follow":"follow","max-snippet":"max-snippet:-1","max-image-preview":"max-image-preview:large","max-video-preview":"max-video-preview:-1"},"canonical":"https:\/\/rodoquick.com.br\/en\/land-freight-santos\/","og_locale":"en_US","og_type":"article","og_title":"Our Services - Transportadora em Santos - Rodoquick Transportes","og_description":"CONTAINER TRANSPORTATION AND MORETRANSPORT OF CONTAINERS Our focus is to transport containers between our customers' facilities (importers and exporters), to Santos, Paranagu\u00e1, Itaja\u00ed, Navegantes and Itapo\u00e1 Ports. IMPORT: Upon delivery, we remove the container from the port, transport it to customer\u2019s address, where the cargo is unloaded, and return the empty container to the container [&hellip;]","og_url":"https:\/\/rodoquick.com.br\/en\/land-freight-santos\/","og_site_name":"Transportadora em Santos - Rodoquick Transportes","article_modified_time":"2022-04-28T15:19:55+00:00","og_image":[{"width":1920,"height":300,"url":"https:\/\/rodoquick.com.br\/wp-content\/uploads\/2022\/04\/topo_servicos-2.jpg","type":"image\/jpeg"}],"twitter_card":"summary_large_image","twitter_misc":{"Est. reading time":"3 minutes"},"schema":{"@context":"https:\/\/schema.org","@graph":[{"@type":"WebPage","@id":"https:\/\/rodoquick.com.br\/en\/land-freight-santos\/","url":"https:\/\/rodoquick.com.br\/en\/land-freight-santos\/","name":"Our Services - Transportadora em Santos - Rodoquick Transportes","isPartOf":{"@id":"https:\/\/rodoquick.com.br\/en\/#website"},"primaryImageOfPage":{"@id":"https:\/\/rodoquick.com.br\/en\/land-freight-santos\/#primaryimage"},"image":{"@id":"https:\/\/rodoquick.com.br\/en\/land-freight-santos\/#primaryimage"},"thumbnailUrl":"https:\/\/rodoquick.com.br\/wp-content\/uploads\/2022\/04\/topo_servicos-2.jpg","datePublished":"2022-04-20T16:16:08+00:00","dateModified":"2022-04-28T15:19:55+00:00","breadcrumb":{"@id":"https:\/\/rodoquick.com.br\/en\/land-freight-santos\/#breadcrumb"},"inLanguage":"en-US","potentialAction":[{"@type":"ReadAction","target":["https:\/\/rodoquick.com.br\/en\/land-freight-santos\/"]}]},{"@type":"ImageObject","inLanguage":"en-US","@id":"https:\/\/rodoquick.com.br\/en\/land-freight-santos\/#primaryimage","url":"https:\/\/rodoquick.com.br\/wp-content\/uploads\/2022\/04\/topo_servicos-2.jpg","contentUrl":"https:\/\/rodoquick.com.br\/wp-content\/uploads\/2022\/04\/topo_servicos-2.jpg","width":1920,"height":300,"caption":"Transporte de Containers e Mais Servi\u00e7os"},{"@type":"BreadcrumbList","@id":"https:\/\/rodoquick.com.br\/en\/land-freight-santos\/#breadcrumb","itemListElement":[{"@type":"ListItem","position":1,"name":"In\u00edcio","item":"https:\/\/rodoquick.com.br\/en\/"},{"@type":"ListItem","position":2,"name":"Our Services"}]},{"@type":"WebSite","@id":"https:\/\/rodoquick.com.br\/en\/#website","url":"https:\/\/rodoquick.com.br\/en\/","name":"Transportadora em Santos - Rodoquick Transportes","description":"Transportadora de Santos, que realiza o transporte de containers entre os portos de Santos, Itaja\u00ed, Navegantes, Paranagu\u00e1 e Itapo\u00e1 e as plantas de importadores e exportadores","potentialAction":[{"@type":"SearchAction","target":{"@type":"EntryPoint","urlTemplate":"https:\/\/rodoquick.com.br\/en\/?s={search_term_string}"},"query-input":{"@type":"PropertyValueSpecification","valueRequired":true,"valueName":"search_term_string"}}],"inLanguage":"en-US"}]}},"_links":{"self":[{"href":"https:\/\/rodoquick.com.br\/en\/wp-json\/wp\/v2\/pages\/1162","targetHints":{"allow":["GET"]}}],"collection":[{"href":"https:\/\/rodoquick.com.br\/en\/wp-json\/wp\/v2\/pages"}],"about":[{"href":"https:\/\/rodoquick.com.br\/en\/wp-json\/wp\/v2\/types\/page"}],"author":[{"embeddable":true,"href":"https:\/\/rodoquick.com.br\/en\/wp-json\/wp\/v2\/users\/3"}],"replies":[{"embeddable":true,"href":"https:\/\/rodoquick.com.br\/en\/wp-json\/wp\/v2\/comments?post=1162"}],"version-history":[{"count":6,"href":"https:\/\/rodoquick.com.br\/en\/wp-json\/wp\/v2\/pages\/1162\/revisions"}],"predecessor-version":[{"id":1187,"href":"https:\/\/rodoquick.com.br\/en\/wp-json\/wp\/v2\/pages\/1162\/revisions\/1187"}],"wp:featuredmedia":[{"embeddable":true,"href":"https:\/\/rodoquick.com.br\/en\/wp-json\/wp\/v2\/media\/1081"}],"wp:attachment":[{"href":"https:\/\/rodoquick.com.br\/en\/wp-json\/wp\/v2\/media?parent=1162"}],"curies":[{"name":"wp","href":"https:\/\/api.w.org\/{rel}","templated":true}]}}