{"id":1156,"date":"2022-04-20T15:42:24","date_gmt":"2022-04-20T15:42:24","guid":{"rendered":"https:\/\/rodoquick.com.br\/a-rodoquick\/"},"modified":"2022-04-28T16:05:49","modified_gmt":"2022-04-28T16:05:49","slug":"inland-transportation-brazil","status":"publish","type":"page","link":"https:\/\/rodoquick.com.br\/en\/inland-transportation-brazil\/","title":{"rendered":"Rodoquick"},"content":{"rendered":"<p>[et_pb_section fb_built=&#8221;1&#8243; _builder_version=&#8221;4.17.1&#8243; _module_preset=&#8221;default&#8221; custom_padding=&#8221;0px||0px||true|false&#8221; global_colors_info=&#8221;{}&#8221;][et_pb_row _builder_version=&#8221;4.17.1&#8243; _module_preset=&#8221;default&#8221; width=&#8221;100%&#8221; max_width=&#8221;1920px&#8221; custom_padding=&#8221;0px||0px||true|false&#8221; global_colors_info=&#8221;{}&#8221;][et_pb_column type=&#8221;4_4&#8243; _builder_version=&#8221;4.17.1&#8243; _module_preset=&#8221;default&#8221; global_colors_info=&#8221;{}&#8221;][et_pb_image src=&#8221;https:\/\/rodoquick.com.br\/wp-content\/uploads\/2022\/04\/topo_empresa.jpg&#8221; title_text=&#8221;topo_empresa&#8221; _builder_version=&#8221;4.17.1&#8243; _module_preset=&#8221;default&#8221; global_colors_info=&#8221;{}&#8221;][\/et_pb_image][\/et_pb_column][\/et_pb_row][\/et_pb_section][et_pb_section fb_built=&#8221;1&#8243; custom_padding_last_edited=&#8221;on|phone&#8221; module_class=&#8221;content-text&#8221; _builder_version=&#8221;4.17.1&#8243; _module_preset=&#8221;default&#8221; background_color=&#8221;#FFFFFF&#8221; width=&#8221;100%&#8221; max_width=&#8221;1200px&#8221; custom_margin=&#8221;36px|auto|54px|auto|false|true&#8221; custom_padding=&#8221;40px|64px|40px|64px|true|true&#8221; custom_padding_tablet=&#8221;40px|64px|40px|64px|true|true&#8221; custom_padding_phone=&#8221;0px|24px|0px|24px|true|true&#8221; border_width_all=&#8221;1px&#8221; border_color_all=&#8221;#ebebeb&#8221; global_colors_info=&#8221;{}&#8221;][et_pb_row _builder_version=&#8221;4.17.1&#8243; _module_preset=&#8221;default&#8221; background_enable_color=&#8221;off&#8221; width=&#8221;100%&#8221; custom_padding=&#8221;||||false|false&#8221; global_colors_info=&#8221;{}&#8221;][et_pb_column type=&#8221;4_4&#8243; _builder_version=&#8221;4.17.1&#8243; _module_preset=&#8221;default&#8221; global_colors_info=&#8221;{}&#8221;][et_pb_text admin_label=&#8221;T\u00edtulo&#8221; _builder_version=&#8221;4.17.1&#8243; _module_preset=&#8221;default&#8221; custom_margin=&#8221;||12px||false|false&#8221; hover_enabled=&#8221;0&#8243; global_colors_info=&#8221;{}&#8221; sticky_enabled=&#8221;0&#8243;]<\/p>\n<h1><strong>INLAND TRANSPORTATION IN SANTOS<\/strong><\/h1>\n<p>[\/et_pb_text][et_pb_text _builder_version=&#8221;4.17.1&#8243; _module_preset=&#8221;default&#8221; header_2_font_size=&#8221;22px&#8221; hover_enabled=&#8221;0&#8243; global_colors_info=&#8221;{}&#8221; sticky_enabled=&#8221;0&#8243;]<\/p>\n<p><strong>Transporting containers<\/strong> is not a simple process, especially when we think about value, costs, and the impacts on your whole logistic chain.<\/p>\n<p>Therefore, the operation must be well planned, taking into consideration the nature of the goods, how sensitive it can be, and how the time can impact (negatively or positively) in the whole process &#8211; always focusing on the safety of people, and trying to minimize unforeseen events.<\/p>\n<p>Any disruption in your logistic routine, can lead to delays, additional costs, negative impacts on your contracts -which can bring unwanted claims and issues.<\/p>\n<p>In this sense, Rodoquick wants to make your life simpler, easing your challenges by bringing a robust Team, with plenty of experience and know-how, that will be able to handle the challenges that might come with your logistic structures (??)<\/p>\n<h2>THE START OF RODOQUICK TRANSPORTES<\/h2>\n<p>It was with the aim of making life easier for the <strong>importer\/exporter<\/strong> that we have created <strong>RodoQuick Transportes<\/strong>, back in 2016.<\/p>\n<p>We have started as a small <strong>carrier in Santos<\/strong>, <strong>carrying containers<\/strong> and <strong>smaller shipments<\/strong> &#8211; including chemicals and <strong>DTA<\/strong> (Customs Transit Declaration) regime &#8211; from <strong>Santos\u2019 Port<\/strong> to customer\u2019s facilities.<\/p>\n<p>With the growth of the company and aiming to meet the growing demand of importers and exporters who needed <strong>container transportion<\/strong> in the ports of Paran\u00e1 and Santa Catarina, in 2019, we have expanded our activities <strong>to Itaja\u00ed, Navegantes, Paranagu\u00e1 and Itapo\u00e1 Ports<\/strong>.<\/p>\n<h2>QUALITY IN THE TRANSPORT OF CONTAINERS AND CONSOLIDATED CARGOES<\/h2>\n<p>As we are a lean company, our team monitors the processes with greater attention and accuracy, customizing operations according to the needs of each client.<\/p>\n<p>We carry out <strong>transport<\/strong> in an optimized and coordinated way, allowing the customer to focus on their main activity (buying, producing and selling).<\/p>\n<p>We are a young, ethic and flexible company. We invest in our Team, supporting them with trainings and certifications needed, which gives our work force the confidence and preparation needed.<\/p>\n<p>To learn more about the way we work, visit <a href=\"https:\/\/rodoquick.com.br\/en\/the-way-we-work\/\">The RodoQuick Mode<\/a> section.<\/p>\n<p>If you want to receive a quotation, you can also do it <a href=\"https:\/\/rodoquick.com.br\/en\/cotacao-online\/\">online on our website<\/a>, or by sending us an e-mail:<\/p>\n<p>Email: <a href=\"mailto:contato@rodoquick.com.br\">contato@rodoquick.com.br<\/a><br \/>Phone: (13) 3219-2017<\/p>\n<p>[\/et_pb_text][\/et_pb_column][\/et_pb_row][\/et_pb_section]<\/p>\n","protected":false},"excerpt":{"rendered":"<p>INLAND TRANSPORTATION IN SANTOSTransporting containers is not a simple process, especially when we think about value, costs, and the impacts on your whole logistic chain. Therefore, the operation must be well planned, taking into consideration the nature of the goods, how sensitive it can be, and how the time can impact (negatively or positively) in [&hellip;]<\/p>\n","protected":false},"author":3,"featured_media":1080,"parent":0,"menu_order":0,"comment_status":"closed","ping_status":"closed","template":"","meta":{"_et_pb_use_builder":"on","_et_pb_old_content":"","_et_gb_content_width":"","footnotes":""},"class_list":["post-1156","page","type-page","status-publish","has-post-thumbnail","hentry"],"yoast_head":"<!-- This site is optimized with the Yoast SEO plugin v25.0 - https:\/\/yoast.com\/wordpress\/plugins\/seo\/ -->\n<title>Rodoquick - Transportadora em Santos - Rodoquick Transportes<\/title>\n<meta name=\"robots\" content=\"index, follow, max-snippet:-1, max-image-preview:large, max-video-preview:-1\" \/>\n<link rel=\"canonical\" href=\"https:\/\/rodoquick.com.br\/en\/inland-transportation-brazil\/\" \/>\n<meta property=\"og:locale\" content=\"en_US\" \/>\n<meta property=\"og:type\" content=\"article\" \/>\n<meta property=\"og:title\" content=\"Rodoquick - Transportadora em Santos - Rodoquick Transportes\" \/>\n<meta property=\"og:description\" content=\"INLAND TRANSPORTATION IN SANTOSTransporting containers is not a simple process, especially when we think about value, costs, and the impacts on your whole logistic chain. Therefore, the operation must be well planned, taking into consideration the nature of the goods, how sensitive it can be, and how the time can impact (negatively or positively) in [&hellip;]\" \/>\n<meta property=\"og:url\" content=\"https:\/\/rodoquick.com.br\/en\/inland-transportation-brazil\/\" \/>\n<meta property=\"og:site_name\" content=\"Transportadora em Santos - Rodoquick Transportes\" \/>\n<meta property=\"article:modified_time\" content=\"2022-04-28T16:05:49+00:00\" \/>\n<meta property=\"og:image\" content=\"https:\/\/rodoquick.com.br\/wp-content\/uploads\/2022\/04\/topo_empresa.jpg\" \/>\n\t<meta property=\"og:image:width\" content=\"1920\" \/>\n\t<meta property=\"og:image:height\" content=\"300\" \/>\n\t<meta property=\"og:image:type\" content=\"image\/jpeg\" \/>\n<meta name=\"twitter:card\" content=\"summary_large_image\" \/>\n<meta name=\"twitter:label1\" content=\"Est. reading time\" \/>\n\t<meta name=\"twitter:data1\" content=\"3 minutes\" \/>\n<script type=\"application\/ld+json\" class=\"yoast-schema-graph\">{\"@context\":\"https:\/\/schema.org\",\"@graph\":[{\"@type\":\"WebPage\",\"@id\":\"https:\/\/rodoquick.com.br\/en\/inland-transportation-brazil\/\",\"url\":\"https:\/\/rodoquick.com.br\/en\/inland-transportation-brazil\/\",\"name\":\"Rodoquick - Transportadora em Santos - Rodoquick Transportes\",\"isPartOf\":{\"@id\":\"https:\/\/rodoquick.com.br\/en\/#website\"},\"primaryImageOfPage\":{\"@id\":\"https:\/\/rodoquick.com.br\/en\/inland-transportation-brazil\/#primaryimage\"},\"image\":{\"@id\":\"https:\/\/rodoquick.com.br\/en\/inland-transportation-brazil\/#primaryimage\"},\"thumbnailUrl\":\"https:\/\/rodoquick.com.br\/wp-content\/uploads\/2022\/04\/topo_empresa.jpg\",\"datePublished\":\"2022-04-20T15:42:24+00:00\",\"dateModified\":\"2022-04-28T16:05:49+00:00\",\"breadcrumb\":{\"@id\":\"https:\/\/rodoquick.com.br\/en\/inland-transportation-brazil\/#breadcrumb\"},\"inLanguage\":\"en-US\",\"potentialAction\":[{\"@type\":\"ReadAction\",\"target\":[\"https:\/\/rodoquick.com.br\/en\/inland-transportation-brazil\/\"]}]},{\"@type\":\"ImageObject\",\"inLanguage\":\"en-US\",\"@id\":\"https:\/\/rodoquick.com.br\/en\/inland-transportation-brazil\/#primaryimage\",\"url\":\"https:\/\/rodoquick.com.br\/wp-content\/uploads\/2022\/04\/topo_empresa.jpg\",\"contentUrl\":\"https:\/\/rodoquick.com.br\/wp-content\/uploads\/2022\/04\/topo_empresa.jpg\",\"width\":1920,\"height\":300,\"caption\":\"Transportadora em Santos \u2013 A Rodoquick\"},{\"@type\":\"BreadcrumbList\",\"@id\":\"https:\/\/rodoquick.com.br\/en\/inland-transportation-brazil\/#breadcrumb\",\"itemListElement\":[{\"@type\":\"ListItem\",\"position\":1,\"name\":\"In\u00edcio\",\"item\":\"https:\/\/rodoquick.com.br\/en\/\"},{\"@type\":\"ListItem\",\"position\":2,\"name\":\"Rodoquick\"}]},{\"@type\":\"WebSite\",\"@id\":\"https:\/\/rodoquick.com.br\/en\/#website\",\"url\":\"https:\/\/rodoquick.com.br\/en\/\",\"name\":\"Transportadora em Santos - Rodoquick Transportes\",\"description\":\"Transportadora de Santos, que realiza o transporte de containers entre os portos de Santos, Itaja\u00ed, Navegantes, Paranagu\u00e1 e Itapo\u00e1 e as plantas de importadores e exportadores\",\"potentialAction\":[{\"@type\":\"SearchAction\",\"target\":{\"@type\":\"EntryPoint\",\"urlTemplate\":\"https:\/\/rodoquick.com.br\/en\/?s={search_term_string}\"},\"query-input\":{\"@type\":\"PropertyValueSpecification\",\"valueRequired\":true,\"valueName\":\"search_term_string\"}}],\"inLanguage\":\"en-US\"}]}<\/script>\n<!-- \/ Yoast SEO plugin. -->","yoast_head_json":{"title":"Rodoquick - Transportadora em Santos - Rodoquick Transportes","robots":{"index":"index","follow":"follow","max-snippet":"max-snippet:-1","max-image-preview":"max-image-preview:large","max-video-preview":"max-video-preview:-1"},"canonical":"https:\/\/rodoquick.com.br\/en\/inland-transportation-brazil\/","og_locale":"en_US","og_type":"article","og_title":"Rodoquick - Transportadora em Santos - Rodoquick Transportes","og_description":"INLAND TRANSPORTATION IN SANTOSTransporting containers is not a simple process, especially when we think about value, costs, and the impacts on your whole logistic chain. Therefore, the operation must be well planned, taking into consideration the nature of the goods, how sensitive it can be, and how the time can impact (negatively or positively) in [&hellip;]","og_url":"https:\/\/rodoquick.com.br\/en\/inland-transportation-brazil\/","og_site_name":"Transportadora em Santos - Rodoquick Transportes","article_modified_time":"2022-04-28T16:05:49+00:00","og_image":[{"width":1920,"height":300,"url":"https:\/\/rodoquick.com.br\/wp-content\/uploads\/2022\/04\/topo_empresa.jpg","type":"image\/jpeg"}],"twitter_card":"summary_large_image","twitter_misc":{"Est. reading time":"3 minutes"},"schema":{"@context":"https:\/\/schema.org","@graph":[{"@type":"WebPage","@id":"https:\/\/rodoquick.com.br\/en\/inland-transportation-brazil\/","url":"https:\/\/rodoquick.com.br\/en\/inland-transportation-brazil\/","name":"Rodoquick - Transportadora em Santos - Rodoquick Transportes","isPartOf":{"@id":"https:\/\/rodoquick.com.br\/en\/#website"},"primaryImageOfPage":{"@id":"https:\/\/rodoquick.com.br\/en\/inland-transportation-brazil\/#primaryimage"},"image":{"@id":"https:\/\/rodoquick.com.br\/en\/inland-transportation-brazil\/#primaryimage"},"thumbnailUrl":"https:\/\/rodoquick.com.br\/wp-content\/uploads\/2022\/04\/topo_empresa.jpg","datePublished":"2022-04-20T15:42:24+00:00","dateModified":"2022-04-28T16:05:49+00:00","breadcrumb":{"@id":"https:\/\/rodoquick.com.br\/en\/inland-transportation-brazil\/#breadcrumb"},"inLanguage":"en-US","potentialAction":[{"@type":"ReadAction","target":["https:\/\/rodoquick.com.br\/en\/inland-transportation-brazil\/"]}]},{"@type":"ImageObject","inLanguage":"en-US","@id":"https:\/\/rodoquick.com.br\/en\/inland-transportation-brazil\/#primaryimage","url":"https:\/\/rodoquick.com.br\/wp-content\/uploads\/2022\/04\/topo_empresa.jpg","contentUrl":"https:\/\/rodoquick.com.br\/wp-content\/uploads\/2022\/04\/topo_empresa.jpg","width":1920,"height":300,"caption":"Transportadora em Santos \u2013 A Rodoquick"},{"@type":"BreadcrumbList","@id":"https:\/\/rodoquick.com.br\/en\/inland-transportation-brazil\/#breadcrumb","itemListElement":[{"@type":"ListItem","position":1,"name":"In\u00edcio","item":"https:\/\/rodoquick.com.br\/en\/"},{"@type":"ListItem","position":2,"name":"Rodoquick"}]},{"@type":"WebSite","@id":"https:\/\/rodoquick.com.br\/en\/#website","url":"https:\/\/rodoquick.com.br\/en\/","name":"Transportadora em Santos - Rodoquick Transportes","description":"Transportadora de Santos, que realiza o transporte de containers entre os portos de Santos, Itaja\u00ed, Navegantes, Paranagu\u00e1 e Itapo\u00e1 e as plantas de importadores e exportadores","potentialAction":[{"@type":"SearchAction","target":{"@type":"EntryPoint","urlTemplate":"https:\/\/rodoquick.com.br\/en\/?s={search_term_string}"},"query-input":{"@type":"PropertyValueSpecification","valueRequired":true,"valueName":"search_term_string"}}],"inLanguage":"en-US"}]}},"_links":{"self":[{"href":"https:\/\/rodoquick.com.br\/en\/wp-json\/wp\/v2\/pages\/1156","targetHints":{"allow":["GET"]}}],"collection":[{"href":"https:\/\/rodoquick.com.br\/en\/wp-json\/wp\/v2\/pages"}],"about":[{"href":"https:\/\/rodoquick.com.br\/en\/wp-json\/wp\/v2\/types\/page"}],"author":[{"embeddable":true,"href":"https:\/\/rodoquick.com.br\/en\/wp-json\/wp\/v2\/users\/3"}],"replies":[{"embeddable":true,"href":"https:\/\/rodoquick.com.br\/en\/wp-json\/wp\/v2\/comments?post=1156"}],"version-history":[{"count":8,"href":"https:\/\/rodoquick.com.br\/en\/wp-json\/wp\/v2\/pages\/1156\/revisions"}],"predecessor-version":[{"id":1371,"href":"https:\/\/rodoquick.com.br\/en\/wp-json\/wp\/v2\/pages\/1156\/revisions\/1371"}],"wp:featuredmedia":[{"embeddable":true,"href":"https:\/\/rodoquick.com.br\/en\/wp-json\/wp\/v2\/media\/1080"}],"wp:attachment":[{"href":"https:\/\/rodoquick.com.br\/en\/wp-json\/wp\/v2\/media?parent=1156"}],"curies":[{"name":"wp","href":"https:\/\/api.w.org\/{rel}","templated":true}]}}