{"id":1150,"date":"2022-04-22T15:26:05","date_gmt":"2022-04-22T15:26:05","guid":{"rendered":"https:\/\/rodoquick.com.br\/home\/"},"modified":"2022-04-28T16:28:18","modified_gmt":"2022-04-28T16:28:18","slug":"home","status":"publish","type":"page","link":"https:\/\/rodoquick.com.br\/en\/","title":{"rendered":"Home"},"content":{"rendered":"<p>[et_pb_section fb_built=&#8221;1&#8243; _builder_version=&#8221;4.17.1&#8243; _module_preset=&#8221;default&#8221; custom_padding=&#8221;0px||0px||true|false&#8221; global_colors_info=&#8221;{}&#8221;][et_pb_row _builder_version=&#8221;4.17.1&#8243; _module_preset=&#8221;default&#8221; width=&#8221;100%&#8221; max_width=&#8221;1920px&#8221; custom_padding=&#8221;0px||0px||true|false&#8221; global_colors_info=&#8221;{}&#8221;][et_pb_column type=&#8221;4_4&#8243; _builder_version=&#8221;4.17.1&#8243; _module_preset=&#8221;default&#8221; global_colors_info=&#8221;{}&#8221;][et_pb_slider module_class=&#8221;main-slider&#8221; _builder_version=&#8221;4.17.1&#8243; _module_preset=&#8221;default&#8221; header_font=&#8221;|700|||||||&#8221; header_text_color=&#8221;#FFFFFF&#8221; header_font_size=&#8221;58px&#8221; body_font_size=&#8221;40px&#8221; body_line_height=&#8221;1em&#8221; min_height=&#8221;520px&#8221; min_height_tablet=&#8221;auto&#8221; min_height_phone=&#8221;auto&#8221; min_height_last_edited=&#8221;on|phone&#8221; custom_padding=&#8221;32px||32px||true|false&#8221; header_font_size_tablet=&#8221;28px&#8221; header_font_size_phone=&#8221;28px&#8221; header_font_size_last_edited=&#8221;on|tablet&#8221; body_font_size_tablet=&#8221;22px&#8221; body_font_size_phone=&#8221;22px&#8221; body_font_size_last_edited=&#8221;on|tablet&#8221; body_text_shadow_style=&#8221;preset2&#8243; body_text_shadow_horizontal_length=&#8221;0em&#8221; body_text_shadow_vertical_length=&#8221;0em&#8221; body_text_shadow_blur_strength=&#8221;3px&#8221; body_text_shadow_color=&#8221;#000000&#8243; global_colors_info=&#8221;{}&#8221;][et_pb_slide heading=&#8221;DOMESTIC TRUCK SERVICES&#8221; _builder_version=&#8221;4.17.1&#8243; _module_preset=&#8221;default&#8221; header_level=&#8221;h1&#8243; header_font=&#8221;||||||||&#8221; background_enable_color=&#8221;off&#8221; background_image=&#8221;https:\/\/rodoquick.com.br\/wp-content\/uploads\/2022\/04\/banner1.jpg&#8221; background_enable_image=&#8221;on&#8221; header_font_size_last_edited=&#8221;off|desktop&#8221; global_colors_info=&#8221;{}&#8221; sticky_transition=&#8221;on&#8221;]<\/p>\n<p>RodoQuick &#8211; Your complete trucking provider<\/p>\n<p>[\/et_pb_slide][\/et_pb_slider][\/et_pb_column][\/et_pb_row][\/et_pb_section][et_pb_section fb_built=&#8221;1&#8243; custom_padding_last_edited=&#8221;on|phone&#8221; module_class=&#8221;content-text&#8221; _builder_version=&#8221;4.17.1&#8243; _module_preset=&#8221;default&#8221; background_color=&#8221;#FFFFFF&#8221; width=&#8221;100%&#8221; max_width=&#8221;1200px&#8221; custom_margin=&#8221;36px|auto|54px|auto|false|true&#8221; custom_padding=&#8221;40px|64px|40px|64px|true|true&#8221; custom_padding_tablet=&#8221;40px|64px|40px|64px|true|true&#8221; custom_padding_phone=&#8221;0px|24px|0px|24px|true|true&#8221; border_width_all=&#8221;1px&#8221; border_color_all=&#8221;#ebebeb&#8221; global_colors_info=&#8221;{}&#8221;][et_pb_row _builder_version=&#8221;4.17.1&#8243; _module_preset=&#8221;default&#8221; background_enable_color=&#8221;off&#8221; width=&#8221;100%&#8221; custom_padding=&#8221;||0px||false|false&#8221; global_colors_info=&#8221;{}&#8221;][et_pb_column type=&#8221;4_4&#8243; _builder_version=&#8221;4.17.1&#8243; _module_preset=&#8221;default&#8221; global_colors_info=&#8221;{}&#8221;][et_pb_text admin_label=&#8221;T\u00edtulo&#8221; _builder_version=&#8221;4.17.1&#8243; _module_preset=&#8221;default&#8221; header_2_font_size=&#8221;22px&#8221; custom_margin=&#8221;||0px||false|false&#8221; global_colors_info=&#8221;{}&#8221;]<\/p>\n<h2 style=\"text-align: center;\">RODOQUICK \u2013 YOUR ROAD TRANSPORT PARTNER IN SANTOS<\/h2>\n<p>[\/et_pb_text][\/et_pb_column][\/et_pb_row][et_pb_row column_structure=&#8221;1_2,1_2&#8243; make_equal=&#8221;on&#8221; _builder_version=&#8221;4.17.1&#8243; _module_preset=&#8221;default&#8221; width=&#8221;100%&#8221; hover_enabled=&#8221;0&#8243; global_colors_info=&#8221;{}&#8221; module_class=&#8221;section-button-bottom&#8221; sticky_enabled=&#8221;0&#8243;][et_pb_column type=&#8221;1_2&#8243; _builder_version=&#8221;4.17.1&#8243; _module_preset=&#8221;default&#8221; custom_padding=&#8221;|54px|40px|54px|false|true&#8221; custom_padding_tablet=&#8221;|0px|0px|0px|false|true&#8221; custom_padding_phone=&#8221;|0px||0px|false|true&#8221; custom_padding_last_edited=&#8221;on|tablet&#8221; hover_enabled=&#8221;0&#8243; global_colors_info=&#8221;{}&#8221; sticky_enabled=&#8221;0&#8243;][et_pb_image src=&#8221;https:\/\/rodoquick.com.br\/wp-content\/uploads\/2022\/04\/img1.jpg&#8221; title_text=&#8221;img1&#8243; align=&#8221;center&#8221; force_fullwidth=&#8221;on&#8221; _builder_version=&#8221;4.17.1&#8243; _module_preset=&#8221;default&#8221; custom_margin=&#8221;||28px||false|false&#8221; global_colors_info=&#8221;{}&#8221;][\/et_pb_image][et_pb_text admin_label=&#8221;T\u00edtulo&#8221; _builder_version=&#8221;4.17.1&#8243; _module_preset=&#8221;default&#8221; header_2_font_size=&#8221;22px&#8221; global_colors_info=&#8221;{}&#8221;]<\/p>\n<h2 style=\"text-align: center;\">FULL SERVICE TRUCK AND ROAD TRANSPORTATION<\/h2>\n<p>[\/et_pb_text][et_pb_text _builder_version=&#8221;4.17.1&#8243; _module_preset=&#8221;default&#8221; header_2_font_size=&#8221;22px&#8221; min_height=&#8221;150px&#8221; min_height_tablet=&#8221;0px&#8221; min_height_phone=&#8221;0px&#8221; min_height_last_edited=&#8221;on|desktop&#8221; global_colors_info=&#8221;{}&#8221;]<\/p>\n<ul>\n<li>Container Transport<\/li>\n<li>We transport containerized goods &#8211; FCL (full container load), LCL (less than container load), boxes, pallets and smaller packages;<\/li>\n<li>DTA Transport (DTA = Customs Transit Declaration)<\/li>\n<li>Transport of dangerous goods \u2013 harzardous materials \u2013 IMO shipments<\/li>\n<\/ul>\n<p>[\/et_pb_text][et_pb_button button_url=&#8221;https:\/\/rodoquick.com.br\/transporte-containers\/&#8221; button_text=&#8221;READ MORE&#8221; button_alignment=&#8221;center&#8221; _builder_version=&#8221;4.17.1&#8243; _module_preset=&#8221;default&#8221; custom_button=&#8221;on&#8221; button_text_size=&#8221;13px&#8221; button_font=&#8221;|600|||||||&#8221; button_use_icon=&#8221;off&#8221; custom_padding=&#8221;8px|15px|8px|15px|true|true&#8221; global_colors_info=&#8221;{}&#8221;][\/et_pb_button][\/et_pb_column][et_pb_column type=&#8221;1_2&#8243; _builder_version=&#8221;4.17.1&#8243; _module_preset=&#8221;default&#8221; custom_padding=&#8221;|54px|40px|54px|false|true&#8221; custom_padding_tablet=&#8221;|0px|0px|0px|false|true&#8221; custom_padding_phone=&#8221;|0px||0px|false|true&#8221; custom_padding_last_edited=&#8221;on|tablet&#8221; hover_enabled=&#8221;0&#8243; global_colors_info=&#8221;{}&#8221; sticky_enabled=&#8221;0&#8243;][et_pb_image src=&#8221;https:\/\/rodoquick.com.br\/wp-content\/uploads\/2022\/04\/img2.jpg&#8221; title_text=&#8221;img2&#8243; align=&#8221;center&#8221; force_fullwidth=&#8221;on&#8221; _builder_version=&#8221;4.17.1&#8243; _module_preset=&#8221;default&#8221; custom_margin=&#8221;||28px||false|false&#8221; global_colors_info=&#8221;{}&#8221;][\/et_pb_image][et_pb_text admin_label=&#8221;T\u00edtulo&#8221; _builder_version=&#8221;4.17.1&#8243; _module_preset=&#8221;default&#8221; header_2_font_size=&#8221;22px&#8221; global_colors_info=&#8221;{}&#8221;]<\/p>\n<h2 style=\"text-align: center;\">TERMINALS AND SUPPORT FACILITIES<\/h2>\n<p>[\/et_pb_text][et_pb_text _builder_version=&#8221;4.17.1&#8243; _module_preset=&#8221;default&#8221; header_2_font_size=&#8221;22px&#8221; min_height=&#8221;150px&#8221; min_height_tablet=&#8221;0px&#8221; min_height_phone=&#8221;0px&#8221; min_height_last_edited=&#8221;on|desktop&#8221; global_colors_info=&#8221;{}&#8221;]<\/p>\n<ul>\n<li>Cargo handling services within the Port facility (Redex)<\/li>\n<li>Container loading \/ unloading, storage, handling<\/li>\n<li>Cross Docking<\/li>\n<\/ul>\n<p>[\/et_pb_text][et_pb_button button_url=&#8221;https:\/\/rodoquick.com.br\/transporte-containers\/&#8221; button_text=&#8221;READ MORE&#8221; button_alignment=&#8221;center&#8221; _builder_version=&#8221;4.17.1&#8243; _module_preset=&#8221;default&#8221; custom_button=&#8221;on&#8221; button_text_size=&#8221;13px&#8221; button_font=&#8221;|600|||||||&#8221; button_use_icon=&#8221;off&#8221; custom_padding=&#8221;8px|15px|8px|15px|true|true&#8221; global_colors_info=&#8221;{}&#8221;][\/et_pb_button][\/et_pb_column][\/et_pb_row][et_pb_row _builder_version=&#8221;4.17.1&#8243; _module_preset=&#8221;default&#8221; width=&#8221;100%&#8221; global_colors_info=&#8221;{}&#8221;][et_pb_column type=&#8221;4_4&#8243; _builder_version=&#8221;4.17.1&#8243; _module_preset=&#8221;default&#8221; global_colors_info=&#8221;{}&#8221;][et_pb_image src=&#8221;https:\/\/rodoquick.com.br\/wp-content\/uploads\/2022\/04\/banner-2.jpg&#8221; title_text=&#8221;banner-2&#8243; align=&#8221;center&#8221; _builder_version=&#8221;4.17.1&#8243; _module_preset=&#8221;default&#8221; custom_margin=&#8221;||32px||false|false&#8221; global_colors_info=&#8221;{}&#8221;][\/et_pb_image][et_pb_text _builder_version=&#8221;4.17.1&#8243; _module_preset=&#8221;default&#8221; header_2_font_size=&#8221;22px&#8221; global_colors_info=&#8221;{}&#8221;]<\/p>\n<h2>CONTAINER TRANSPORT IN SANTOS, PARANAGU\u00c1, ITAJA\u00cd, NAVEGANTES AND ITAPO\u00c1 PORTS.<\/h2>\n<p>For logistics to be efficient, they often require a combination of transport options, known as\u00a0Intermodal Transport.\u00a0 RodoQuick can help you with Inland transportation of containers from Santos, Paranagu\u00e1, Itaja\u00ed, Navegantes, Itapo\u00e1 and Rio Grande do Sul, to customer\u2019s door.<\/p>\n<p>In 2016, we have started our activities to become one of the safest, fastest and most reliable local player for your cargo.<\/p>\n<p>Initially, the idea was to transport containers from Santos\u2019 Port to our customers&#8217; facilities, on time. However, as new customers emerged with new demands, we have expanded our possibilities to offer a high-quality service.<\/p>\n<p>As a result, we can offer LTL loads, the transport of temperature controlled cargoes, pre-stacking and REDEX terminals.<\/p>\n<p>Today, RodoQuick Transportes is a cargo handler that can take care of your shipment by road, throughout the country (import, export and cabotage).<\/p>\n<p>We have licenses to transport DTA shipments, as well to store it in bonded terminals (REDEX).<\/p>\n<p>With a modern fleet of container trucks, we also deliver a strong customer service, with an accurate and efficient follow up, allowing you time to focus on other steps (or gaps) of your logistic process.<\/p>\n<p>We cover one of the largest Ports in Latin America: Santos Port.<\/p>\n<p>We are a young and versatile company, that can provide an agile and flexible service, combining quality at a fair price. We want to be YOUR carrier in Santos, so you can trust in our service, knowing you are in good hands.<\/p>\n<p>Make an <a href=\"https:\/\/rodoquick.com.br\/en\/cotacao-online\/\">ONLINE QUOTATION<\/a> with us.<\/p>\n<p>You can also check our Blog, where you can find important topics &amp; news about transport companies in Santos and throughout Brazil.<\/p>\n<p>Phone:(13) 3219-2017 \/ (13) 3219-2056 \/ (13) 9 9778-5500<br \/>Email: <a href=\"mailto:contato@rodoquick.com.br\">contato@rodoquick.com.br<\/a><\/p>\n<p>[\/et_pb_text][\/et_pb_column][\/et_pb_row][\/et_pb_section]<\/p>\n","protected":false},"excerpt":{"rendered":"<p>RodoQuick &#8211; Your complete trucking providerRODOQUICK \u2013 YOUR ROAD TRANSPORT PARTNER IN SANTOSFULL SERVICE TRUCK AND ROAD TRANSPORTATION Container Transport We transport containerized goods &#8211; FCL (full container load), LCL (less than container load), boxes, pallets and smaller packages; DTA Transport (DTA = Customs Transit Declaration) Transport of dangerous goods \u2013 harzardous materials \u2013 IMO [&hellip;]<\/p>\n","protected":false},"author":3,"featured_media":1344,"parent":0,"menu_order":0,"comment_status":"closed","ping_status":"closed","template":"","meta":{"_et_pb_use_builder":"on","_et_pb_old_content":"","_et_gb_content_width":"","footnotes":""},"class_list":["post-1150","page","type-page","status-publish","has-post-thumbnail","hentry"],"yoast_head":"<!-- This site is optimized with the Yoast SEO plugin v25.0 - https:\/\/yoast.com\/wordpress\/plugins\/seo\/ -->\n<title>Home - Transportadora em Santos - Rodoquick Transportes<\/title>\n<meta name=\"robots\" content=\"index, follow, max-snippet:-1, max-image-preview:large, max-video-preview:-1\" \/>\n<link rel=\"canonical\" href=\"https:\/\/rodoquick.com.br\/en\/\" \/>\n<meta property=\"og:locale\" content=\"en_US\" \/>\n<meta property=\"og:type\" content=\"article\" \/>\n<meta property=\"og:title\" content=\"Home - Transportadora em Santos - Rodoquick Transportes\" \/>\n<meta property=\"og:description\" content=\"RodoQuick - Your complete trucking providerRODOQUICK \u2013 YOUR ROAD TRANSPORT PARTNER IN SANTOSFULL SERVICE TRUCK AND ROAD TRANSPORTATION Container Transport We transport containerized goods - FCL (full container load), LCL (less than container load), boxes, pallets and smaller packages; DTA Transport (DTA = Customs Transit Declaration) Transport of dangerous goods \u2013 harzardous materials \u2013 IMO [&hellip;]\" \/>\n<meta property=\"og:url\" content=\"https:\/\/rodoquick.com.br\/en\/\" \/>\n<meta property=\"og:site_name\" content=\"Transportadora em Santos - Rodoquick Transportes\" \/>\n<meta property=\"article:modified_time\" content=\"2022-04-28T16:28:18+00:00\" \/>\n<meta name=\"twitter:card\" content=\"summary_large_image\" \/>\n<meta name=\"twitter:label1\" content=\"Est. reading time\" \/>\n\t<meta name=\"twitter:data1\" content=\"4 minutes\" \/>\n<script type=\"application\/ld+json\" class=\"yoast-schema-graph\">{\"@context\":\"https:\/\/schema.org\",\"@graph\":[{\"@type\":\"WebPage\",\"@id\":\"https:\/\/rodoquick.com.br\/en\/\",\"url\":\"https:\/\/rodoquick.com.br\/en\/\",\"name\":\"Home - Transportadora em Santos - Rodoquick Transportes\",\"isPartOf\":{\"@id\":\"https:\/\/rodoquick.com.br\/en\/#website\"},\"primaryImageOfPage\":{\"@id\":\"https:\/\/rodoquick.com.br\/en\/#primaryimage\"},\"image\":{\"@id\":\"https:\/\/rodoquick.com.br\/en\/#primaryimage\"},\"thumbnailUrl\":\"https:\/\/rodoquick.com.br\/wp-content\/uploads\/2022\/04\/rodoquick-default-post-image-1200x630-1.jpg\",\"datePublished\":\"2022-04-22T15:26:05+00:00\",\"dateModified\":\"2022-04-28T16:28:18+00:00\",\"breadcrumb\":{\"@id\":\"https:\/\/rodoquick.com.br\/en\/#breadcrumb\"},\"inLanguage\":\"en-US\",\"potentialAction\":[{\"@type\":\"ReadAction\",\"target\":[\"https:\/\/rodoquick.com.br\/en\/\"]}]},{\"@type\":\"ImageObject\",\"inLanguage\":\"en-US\",\"@id\":\"https:\/\/rodoquick.com.br\/en\/#primaryimage\",\"url\":\"https:\/\/rodoquick.com.br\/wp-content\/uploads\/2022\/04\/rodoquick-default-post-image-1200x630-1.jpg\",\"contentUrl\":\"https:\/\/rodoquick.com.br\/wp-content\/uploads\/2022\/04\/rodoquick-default-post-image-1200x630-1.jpg\",\"width\":1200,\"height\":630},{\"@type\":\"BreadcrumbList\",\"@id\":\"https:\/\/rodoquick.com.br\/en\/#breadcrumb\",\"itemListElement\":[{\"@type\":\"ListItem\",\"position\":1,\"name\":\"In\u00edcio\",\"item\":\"https:\/\/rodoquick.com.br\/en\/\"},{\"@type\":\"ListItem\",\"position\":2,\"name\":\"Home\"}]},{\"@type\":\"WebSite\",\"@id\":\"https:\/\/rodoquick.com.br\/en\/#website\",\"url\":\"https:\/\/rodoquick.com.br\/en\/\",\"name\":\"Transportadora em Santos - Rodoquick Transportes\",\"description\":\"Transportadora de Santos, que realiza o transporte de containers entre os portos de Santos, Itaja\u00ed, Navegantes, Paranagu\u00e1 e Itapo\u00e1 e as plantas de importadores e exportadores\",\"potentialAction\":[{\"@type\":\"SearchAction\",\"target\":{\"@type\":\"EntryPoint\",\"urlTemplate\":\"https:\/\/rodoquick.com.br\/en\/?s={search_term_string}\"},\"query-input\":{\"@type\":\"PropertyValueSpecification\",\"valueRequired\":true,\"valueName\":\"search_term_string\"}}],\"inLanguage\":\"en-US\"}]}<\/script>\n<!-- \/ Yoast SEO plugin. -->","yoast_head_json":{"title":"Home - Transportadora em Santos - Rodoquick Transportes","robots":{"index":"index","follow":"follow","max-snippet":"max-snippet:-1","max-image-preview":"max-image-preview:large","max-video-preview":"max-video-preview:-1"},"canonical":"https:\/\/rodoquick.com.br\/en\/","og_locale":"en_US","og_type":"article","og_title":"Home - Transportadora em Santos - Rodoquick Transportes","og_description":"RodoQuick - Your complete trucking providerRODOQUICK \u2013 YOUR ROAD TRANSPORT PARTNER IN SANTOSFULL SERVICE TRUCK AND ROAD TRANSPORTATION Container Transport We transport containerized goods - FCL (full container load), LCL (less than container load), boxes, pallets and smaller packages; DTA Transport (DTA = Customs Transit Declaration) Transport of dangerous goods \u2013 harzardous materials \u2013 IMO [&hellip;]","og_url":"https:\/\/rodoquick.com.br\/en\/","og_site_name":"Transportadora em Santos - Rodoquick Transportes","article_modified_time":"2022-04-28T16:28:18+00:00","twitter_card":"summary_large_image","twitter_misc":{"Est. reading time":"4 minutes"},"schema":{"@context":"https:\/\/schema.org","@graph":[{"@type":"WebPage","@id":"https:\/\/rodoquick.com.br\/en\/","url":"https:\/\/rodoquick.com.br\/en\/","name":"Home - Transportadora em Santos - Rodoquick Transportes","isPartOf":{"@id":"https:\/\/rodoquick.com.br\/en\/#website"},"primaryImageOfPage":{"@id":"https:\/\/rodoquick.com.br\/en\/#primaryimage"},"image":{"@id":"https:\/\/rodoquick.com.br\/en\/#primaryimage"},"thumbnailUrl":"https:\/\/rodoquick.com.br\/wp-content\/uploads\/2022\/04\/rodoquick-default-post-image-1200x630-1.jpg","datePublished":"2022-04-22T15:26:05+00:00","dateModified":"2022-04-28T16:28:18+00:00","breadcrumb":{"@id":"https:\/\/rodoquick.com.br\/en\/#breadcrumb"},"inLanguage":"en-US","potentialAction":[{"@type":"ReadAction","target":["https:\/\/rodoquick.com.br\/en\/"]}]},{"@type":"ImageObject","inLanguage":"en-US","@id":"https:\/\/rodoquick.com.br\/en\/#primaryimage","url":"https:\/\/rodoquick.com.br\/wp-content\/uploads\/2022\/04\/rodoquick-default-post-image-1200x630-1.jpg","contentUrl":"https:\/\/rodoquick.com.br\/wp-content\/uploads\/2022\/04\/rodoquick-default-post-image-1200x630-1.jpg","width":1200,"height":630},{"@type":"BreadcrumbList","@id":"https:\/\/rodoquick.com.br\/en\/#breadcrumb","itemListElement":[{"@type":"ListItem","position":1,"name":"In\u00edcio","item":"https:\/\/rodoquick.com.br\/en\/"},{"@type":"ListItem","position":2,"name":"Home"}]},{"@type":"WebSite","@id":"https:\/\/rodoquick.com.br\/en\/#website","url":"https:\/\/rodoquick.com.br\/en\/","name":"Transportadora em Santos - Rodoquick Transportes","description":"Transportadora de Santos, que realiza o transporte de containers entre os portos de Santos, Itaja\u00ed, Navegantes, Paranagu\u00e1 e Itapo\u00e1 e as plantas de importadores e exportadores","potentialAction":[{"@type":"SearchAction","target":{"@type":"EntryPoint","urlTemplate":"https:\/\/rodoquick.com.br\/en\/?s={search_term_string}"},"query-input":{"@type":"PropertyValueSpecification","valueRequired":true,"valueName":"search_term_string"}}],"inLanguage":"en-US"}]}},"_links":{"self":[{"href":"https:\/\/rodoquick.com.br\/en\/wp-json\/wp\/v2\/pages\/1150","targetHints":{"allow":["GET"]}}],"collection":[{"href":"https:\/\/rodoquick.com.br\/en\/wp-json\/wp\/v2\/pages"}],"about":[{"href":"https:\/\/rodoquick.com.br\/en\/wp-json\/wp\/v2\/types\/page"}],"author":[{"embeddable":true,"href":"https:\/\/rodoquick.com.br\/en\/wp-json\/wp\/v2\/users\/3"}],"replies":[{"embeddable":true,"href":"https:\/\/rodoquick.com.br\/en\/wp-json\/wp\/v2\/comments?post=1150"}],"version-history":[{"count":11,"href":"https:\/\/rodoquick.com.br\/en\/wp-json\/wp\/v2\/pages\/1150\/revisions"}],"predecessor-version":[{"id":1388,"href":"https:\/\/rodoquick.com.br\/en\/wp-json\/wp\/v2\/pages\/1150\/revisions\/1388"}],"wp:featuredmedia":[{"embeddable":true,"href":"https:\/\/rodoquick.com.br\/en\/wp-json\/wp\/v2\/media\/1344"}],"wp:attachment":[{"href":"https:\/\/rodoquick.com.br\/en\/wp-json\/wp\/v2\/media?parent=1150"}],"curies":[{"name":"wp","href":"https:\/\/api.w.org\/{rel}","templated":true}]}}